{"id":16262204,"date":"2024-02-05T13:54:24","date_gmt":"2024-02-05T13:54:24","guid":{"rendered":"https:\/\/goodgrants.com\/funktionen\/integrationen\/zapier-2\/"},"modified":"2025-10-09T10:38:55","modified_gmt":"2025-10-09T10:38:55","slug":"zapier-2","status":"publish","type":"page","link":"https:\/\/goodgrants.com\/de\/funktionen\/integrationen\/zapier-2\/","title":{"rendered":"Zapier"},"content":{"rendered":"<p>[et_pb_section fb_built=&#8220;1&#8243; _builder_version=&#8220;4.21.0&#8243; _module_preset=&#8220;default&#8220; background_color=&#8220;RGBA(255,255,255,0)&#8220; background_enable_image=&#8220;off&#8220; custom_padding=&#8220;2vw||1vw||false|false&#8220; locked=&#8220;off&#8220; global_colors_info=&#8220;{}&#8220;][et_pb_row _builder_version=&#8220;4.21.0&#8243; _module_preset=&#8220;default&#8220; width=&#8220;100%&#8220; global_colors_info=&#8220;{}&#8220;][et_pb_column type=&#8220;4_4&#8243; _builder_version=&#8220;4.21.0&#8243; _module_preset=&#8220;default&#8220; global_colors_info=&#8220;{}&#8220;][dipi_breadcrumbs bc_custom_home=&#8220;on&#8220; bc_home_text=&#8220;Startseite&#8220; bc_home_url=&#8220;craigcf9.wpcomstaging.com&#8220; bc_home_icon=&#8220;off&#8220; bc_separator_icon=&#8220;&#xf105;||fa||900&#8243; bc_separator_size=&#8220;18px&#8220; bc_separator_color=&#8220;#000000&#8243; bc_item_bg_color=&#8220;RGBA(255,255,255,0)&#8220; bc_active_item_color=&#8220;RGBA(255,255,255,0)&#8220; bc_active_item_padding=&#8220;||||false|false&#8220; _builder_version=&#8220;4.21.0&#8243; _module_preset=&#8220;default&#8220; items_font=&#8220;Montserrat|600|||||||&#8220; items_text_color=&#8220;#000000&#8243; items_font_size=&#8220;18px&#8220; hover_font=&#8220;||||on||||&#8220; active_font=&#8220;|700|||on|||#5A37D4|&#8220; active_text_color=&#8220;#5A37D4&#8243; custom_margin=&#8220;||-5px|-7px|false|false&#8220; custom_padding=&#8220;|||0px|false|false&#8220; global_colors_info=&#8220;{}&#8220;][\/dipi_breadcrumbs][et_pb_text _builder_version=&#8220;4.24.0&#8243; _module_preset=&#8220;6d05dc1c-aec9-494b-b3fb-6707f824de75&#8243; header_font=&#8220;|600|||||||&#8220; header_text_color=&#8220;#FFFFFF&#8220; header_line_height=&#8220;1.2em&#8220; custom_margin=&#8220;||10px||false|false&#8220; custom_padding=&#8220;||||false|false&#8220; header_font_tablet=&#8220;|600|||||||&#8220; header_font_phone=&#8220;|600|||||||&#8220; header_font_last_edited=&#8220;on|phone&#8220; header_font_size_tablet=&#8220;&#8220; header_font_size_phone=&#8220;30px&#8220; header_font_size_last_edited=&#8220;on|desktop&#8220; locked=&#8220;off&#8220; global_colors_info=&#8220;{}&#8220;]<\/p>\n<h1 style=\"text-align: left; line-height: 1.2em;\"><span style=\"color: #000000;\">Verbinden Sie Ihre allt\u00e4glichen Apps mit Good Grants mit Zapier<\/span><\/h1>\n<p>[\/et_pb_text][et_pb_blurb content_max_width=&#8220;100%&#8220; _builder_version=&#8220;4.24.0&#8243; _module_preset=&#8220;default&#8220; body_font=&#8220;Montserrat||||||||&#8220; body_font_size=&#8220;21px&#8220; body_line_height=&#8220;1.6em&#8220; module_alignment=&#8220;left&#8220; custom_padding=&#8220;||||false|false&#8220; locked=&#8220;off&#8220; global_colors_info=&#8220;{}&#8220;]<\/p>\n<p style=\"text-align: left;\">Die Good Grants-Integrationen von Zapier helfen Ihnen, Daten automatisch an und von anderen Webdiensten zu \u00fcbermitteln, ohne eine einzige Codezeile schreiben zu m\u00fcssen.<\/p>\n<p>[\/et_pb_blurb][dipi_button_grid flex_direction=&#8220;row&#8220; flex_wrap=&#8220;off&#8220; justify_content=&#8220;flex-start&#8220; align_items=&#8220;flex-start&#8220; flex_direction_tablet=&#8220;row&#8220; flex_direction_phone=&#8220;column&#8220; flex_direction_last_edited=&#8220;on|phone&#8220; justify_content_tablet=&#8220;flex-start&#8220; justify_content_phone=&#8220;flex-start&#8220; justify_content_last_edited=&#8220;on|desktop&#8220; align_items_tablet=&#8220;flex-start&#8220; align_items_phone=&#8220;baseline&#8220; align_items_last_edited=&#8220;on|phone&#8220; _builder_version=&#8220;4.21.0&#8243; _module_preset=&#8220;default&#8220; text_style_font=&#8220;Montserrat|700|||||||&#8220; text_style_text_align=&#8220;center&#8220; text_style_letter_spacing=&#8220;1px&#8220; background_color=&#8220;RGBA(255,255,255,0)&#8220; width_tablet=&#8220;&#8220; width_phone=&#8220;&#8220; width_last_edited=&#8220;on|desktop&#8220; module_alignment=&#8220;left&#8220; custom_margin=&#8220;|||-25px|false|false&#8220; custom_padding=&#8220;10px|25px|10px|25px|false|false&#8220; hover_transition_duration=&#8220;0ms&#8220; hover_transition_speed_curve=&#8220;ease-in-out&#8220; link_option_url_new_window=&#8220;on&#8220; locked=&#8220;off&#8220; global_colors_info=&#8220;{}&#8220; custom_margin__hover_enabled=&#8220;on|hover&#8220; custom_margin__hover=&#8220;||||false|false&#8220; transform_styles__hover_enabled=&#8220;on|hover&#8220; transform_scale__hover_enabled=&#8220;on|hover&#8220; transform_translate__hover_enabled=&#8220;on|desktop&#8220; transform_rotate__hover_enabled=&#8220;on|desktop&#8220; transform_skew__hover_enabled=&#8220;on|desktop&#8220; transform_origin__hover_enabled=&#8220;on|desktop&#8220; background__hover_enabled=&#8220;on|hover&#8220;][dipi_button_grid_child button_id=&#8220;Primary&#8220; button_text=&#8220;14-t\u00e4gige kostenlose Testphase&#8220; button_link=&#8220;https:\/\/goodgrants.com\/de\/testversion\/&#8220; button_link_target=&#8220;on&#8220; _builder_version=&#8220;4.19.4&#8243; _module_preset=&#8220;625bfc23-24b4-41f2-b0b3-1c510af0c760&#8243; text_style_font=&#8220;Montserrat|700||on|||||&#8220; text_style_text_align=&#8220;center&#8220; text_style_letter_spacing=&#8220;1px&#8220; custom_button=&#8220;on&#8220; button_text_size=&#8220;16px&#8220; button_text_color=&#8220;#FFFFFF&#8220; button_bg_color=&#8220;#5A37D4&#8243; button_border_width=&#8220;3px&#8220; button_border_color=&#8220;#5A37D4&#8243; button_border_radius=&#8220;3px&#8220; button_letter_spacing=&#8220;1px&#8220; button_font=&#8220;Montserrat|700||on|||||&#8220; button_use_icon=&#8220;off&#8220; button_custom_padding=&#8220;10px|25px|10px|25px|false|false&#8220; custom_margin=&#8220;|||0px|false|false&#8220; custom_padding=&#8220;||||false|false&#8220; hover_transition_duration=&#8220;0ms&#8220; border_color_all=&#8220;#7CDA24&#8243; global_colors_info=&#8220;{}&#8220; transform_styles__hover_enabled=&#8220;on|hover&#8220; transform_scale__hover_enabled=&#8220;on|hover&#8220; min_height__hover_enabled=&#8220;on|hover&#8220; button_bg_color__hover_enabled=&#8220;on|hover&#8220; button_bg_color__hover=&#8220;#000000&#8243; button_bg_enable_color__hover=&#8220;on&#8220; button_text_size__hover_enabled=&#8220;on|hover&#8220; button_border_width__hover_enabled=&#8220;on|hover&#8220; button_border_color__hover_enabled=&#8220;on|desktop&#8220; button_border_width__hover=&#8220;3px&#8220; button_border_radius__hover_enabled=&#8220;on|hover&#8220; button_border_color__hover=&#8220;#000000&#8243; button_border_radius__hover=&#8220;3px&#8220; custom_margin__hover=&#8220;|||0px|false|false&#8220; button_text_color__hover=&#8220;#FFFFFF&#8220; button_text_color__hover_enabled=&#8220;on|hover&#8220; button_letter_spacing__hover=&#8220;1px&#8220; button_letter_spacing__hover_enabled=&#8220;on|hover&#8220; button_text_size__hover=&#8220;16px&#8220; button_custom_margin__hover_enabled=&#8220;on|desktop&#8220; background__hover_enabled=&#8220;on|hover&#8220;][\/dipi_button_grid_child][dipi_button_grid_child button_id=&#8220;Secondary&#8220; button_text=&#8220;Demo anfordern&#8220; button_link=&#8220;https:\/\/goodgrants.com\/de\/kontaktanfrage\/&#8220; button_link_target=&#8220;off&#8220; _builder_version=&#8220;4.19.4&#8243; _module_preset=&#8220;625bfc23-24b4-41f2-b0b3-1c510af0c760&#8243; text_style_font=&#8220;Montserrat|700||on|||||&#8220; text_style_text_align=&#8220;center&#8220; text_style_letter_spacing=&#8220;1px&#8220; custom_button=&#8220;on&#8220; button_text_size=&#8220;16px&#8220; button_text_color=&#8220;#000000&#8243; button_bg_color=&#8220;RGBA(255,255,255,0)&#8220; button_border_width=&#8220;3px&#8220; button_border_color=&#8220;#000000&#8243; button_border_radius=&#8220;3px&#8220; button_letter_spacing=&#8220;1px&#8220; button_font=&#8220;Montserrat|700||on|||||&#8220; button_use_icon=&#8220;off&#8220; button_custom_padding=&#8220;10px|25px|10px|25px|false|false&#8220; custom_margin=&#8220;|||15px|false|false&#8220; custom_padding=&#8220;||||false|false&#8220; global_colors_info=&#8220;{}&#8220; button_text_size__hover=&#8220;16px&#8220; button_text_size__hover_enabled=&#8220;on|desktop&#8220; button_text_color__hover=&#8220;#FFFFFF&#8220; button_text_color__hover_enabled=&#8220;on|desktop&#8220; button_bg_color__hover=&#8220;#000000&#8243; button_bg_color__hover_enabled=&#8220;on|desktop&#8220; button_border_color__hover=&#8220;#000000&#8243; button_border_color__hover_enabled=&#8220;on|hover&#8220; button_letter_spacing__hover=&#8220;1px&#8220; button_letter_spacing__hover_enabled=&#8220;on|hover&#8220; button_bg_enable_color__hover=&#8220;on&#8220; button_custom_margin__hover_enabled=&#8220;on|hover&#8220; button_border_width__hover_enabled=&#8220;on|hover&#8220; button_border_width__hover=&#8220;3px&#8220; custom_margin__hover=&#8220;|||15px|false|false&#8220;][\/dipi_button_grid_child][\/dipi_button_grid][\/et_pb_column][\/et_pb_row][\/et_pb_section][et_pb_section fb_built=&#8220;1&#8243; _builder_version=&#8220;4.21.0&#8243; _module_preset=&#8220;default&#8220; custom_padding=&#8220;||||false|false&#8220; locked=&#8220;off&#8220; global_colors_info=&#8220;{}&#8220;][et_pb_row _builder_version=&#8220;4.21.0&#8243; _module_preset=&#8220;default&#8220; locked=&#8220;off&#8220; global_colors_info=&#8220;{}&#8220;][et_pb_column type=&#8220;4_4&#8243; _builder_version=&#8220;4.19.4&#8243; _module_preset=&#8220;default&#8220; global_colors_info=&#8220;{}&#8220;][et_pb_text _builder_version=&#8220;4.27.4&#8243; _module_preset=&#8220;5281867b-d037-43e6-a5fd-ec28a4f8bb6d&#8220; header_font=&#8220;|600|||||||&#8220; header_text_align=&#8220;center&#8220; header_text_color=&#8220;#000000&#8243; header_line_height=&#8220;1.2em&#8220; header_2_font_size=&#8220;26px&#8220; custom_margin=&#8220;||||false|false&#8220; custom_padding=&#8220;||||false|false&#8220; header_font_tablet=&#8220;|600|||||||&#8220; header_font_phone=&#8220;|600|||||||&#8220; header_font_last_edited=&#8220;on|tablet&#8220; header_2_font_size_tablet=&#8220;26px&#8220; header_2_font_size_phone=&#8220;&#8220; header_2_font_size_last_edited=&#8220;on|desktop&#8220; locked=&#8220;off&#8220; global_colors_info=&#8220;{}&#8220;]<\/p>\n<h2 style=\"text-align: center; font-size: 42px !important; font-weight: 600; letter-spacing: 0px; line-height: 1.2em;\">Erm\u00f6glichen Sie tiefe Integrationen mit Ihren Gesch\u00e4ftsanwendungen und den Websites Ihrer Organisation<\/h2>\n<p>[\/et_pb_text][\/et_pb_column][\/et_pb_row][et_pb_row _builder_version=&#8220;4.24.0&#8243; _module_preset=&#8220;default&#8220; global_colors_info=&#8220;{}&#8220;][et_pb_column type=&#8220;4_4&#8243; _builder_version=&#8220;4.24.0&#8243; _module_preset=&#8220;default&#8220; global_colors_info=&#8220;{}&#8220;][et_pb_image src=&#8220;https:\/\/goodgrants.com\/wp-content\/uploads\/2023\/04\/Asset-57.svg&#8220; alt=&#8220;Die Integration zwischen Good Grants und Xero zeigt, dass bei der Erstellung einer neuen Zuweisung in Good Grants, Xero eine neue Verkaufsrechnung erstellt und die Anwendung anschlie\u00dfend in Good Grants als finanziert getaggt werden kann.&#8220; title_text=&#8220;Good Grants- und Xero-Integrationen&#8220; _builder_version=&#8220;4.24.0&#8243; _module_preset=&#8220;default&#8220; global_colors_info=&#8220;{}&#8220;][\/et_pb_image][\/et_pb_column][\/et_pb_row][et_pb_row column_structure=&#8220;1_2,1_2&#8243; use_custom_gutter=&#8220;on&#8220; gutter_width=&#8220;3&#8243; _builder_version=&#8220;4.21.0&#8243; _module_preset=&#8220;default&#8220; global_colors_info=&#8220;{}&#8220;][et_pb_column type=&#8220;1_2&#8243; _builder_version=&#8220;4.21.0&#8243; _module_preset=&#8220;default&#8220; global_colors_info=&#8220;{}&#8220;][et_pb_image src=&#8220;https:\/\/goodgrants.com\/wp-content\/uploads\/2023\/04\/Asset-54.svg&#8220; alt=&#8220;Grafik zur Integration von Good Grants mit Microsoft Dynamics&#8220; title_text=&#8220;Integration zwischen Good Grants und Zapier&#8220; align=&#8220;center&#8220; _builder_version=&#8220;4.24.0&#8243; _module_preset=&#8220;default&#8220; width=&#8220;65%&#8220; width_tablet=&#8220;50%&#8220; width_phone=&#8220;50%&#8220; width_last_edited=&#8220;on|desktop&#8220; module_alignment=&#8220;center&#8220; min_height_tablet=&#8220;&#8220; min_height_phone=&#8220;&#8220; min_height_last_edited=&#8220;on|tablet&#8220; custom_margin=&#8220;||||false|false&#8220; custom_padding=&#8220;20px||||false|false&#8220; locked=&#8220;off&#8220; global_colors_info=&#8220;{}&#8220;][\/et_pb_image][\/et_pb_column][et_pb_column type=&#8220;1_2&#8243; _builder_version=&#8220;4.20.0&#8243; _module_preset=&#8220;default&#8220; global_colors_info=&#8220;{}&#8220;][et_pb_text _builder_version=&#8220;4.24.0&#8243; _module_preset=&#8220;91d45f33-bc53-4dc8-a5da-9b72c09edc7f&#8220; text_font=&#8220;Open Sans||||||||&#8220; header_2_font=&#8220;Montserrat||||||||&#8220; header_3_font=&#8220;Montserrat|600|||||||&#8220; header_4_font=&#8220;Montserrat|600|||||||&#8220; custom_margin=&#8220;||10px||false|false&#8220; custom_padding=&#8220;||0px||false|false&#8220; sticky_limit_bottom=&#8220;row&#8220; global_colors_info=&#8220;{}&#8220;]<\/p>\n<p>Zapier verbindet Good Grants mit Tausenden von Apps und automatisiert all Ihre m\u00fchsamen Arbeitsabl\u00e4ufe.<\/p>\n<p>Verbindungen, sogenannte Zaps, werden in wenigen Minuten ohne Programmierkenntnisse eingerichtet und ersparen Ihnen stundenlange manuelle Eingaben.<\/p>\n<p>Bewerbende und deren Bewerbungen importieren und aktualisieren, Datens\u00e4tze in Ihrem CRM erstellen, Abonnenten zu Ihrer Mailingliste hinzuf\u00fcgen und vieles mehr, automatisch. Es gibt so viel, was Sie tun k\u00f6nnen. <\/p>\n<ul class=\"ticks\">\n<li><span><\/span>Anwendungen in Good Grants erstellen<\/li>\n<li><span><\/span>Neue Bewerbende in Good Grants erstellen<\/li>\n<li><span><\/span>F\u00fchren Sie API-Aufrufe an die Good Grants-Plattform durch<\/li>\n<li><span><\/span>Zuweisungen in Xero erstellen<\/li>\n<li><span><\/span>F\u00fcgen Sie neue Good Grants-Benutzer als Mailchimp-Abonnenten hinzu<\/li>\n<li><span><\/span>Und vieles mehr!<\/li>\n<\/ul>\n<p>[\/et_pb_text][et_pb_button button_url=&#8220;https:\/\/zapier.com\/apps\/good-grants\/integrations&#8220; url_new_window=&#8220;on&#8220; button_text=&#8220;Erfahren Sie mehr \u00fcber unsere Zapier-Integration&#8220; _builder_version=&#8220;4.20.4&#8243; _module_preset=&#8220;942a027d-7c2b-46d9-ab94-33b71131f5c8&#8243; custom_button=&#8220;on&#8220; button_text_size=&#8220;17px&#8220; button_text_color=&#8220;#000000&#8243; button_bg_color=&#8220;RGBA(255,255,255,0)&#8220; button_font=&#8220;|600|||on||||&#8220; button_icon=&#8220;&#xe03c;||divi||400&#8243; button_icon_color=&#8220;#05ca8b&#8220; custom_margin=&#8220;0px|||0px|false|false&#8220; custom_padding=&#8220;0px|||0px|false|false&#8220; global_colors_info=&#8220;{}&#8220; button_icon_color__hover_enabled=&#8220;on|hover&#8220; button_icon_color__hover=&#8220;#8300E9&#8243;][\/et_pb_button][\/et_pb_column][\/et_pb_row][\/et_pb_section][et_pb_section fb_built=&#8220;1&#8243; _builder_version=&#8220;4.23.1&#8243; _module_preset=&#8220;default&#8220; custom_padding=&#8220;||||false|false&#8220; locked=&#8220;off&#8220; global_colors_info=&#8220;{}&#8220;][et_pb_row _builder_version=&#8220;4.21.0&#8243; _module_preset=&#8220;default&#8220; locked=&#8220;off&#8220; global_colors_info=&#8220;{}&#8220;][et_pb_column type=&#8220;4_4&#8243; _builder_version=&#8220;4.19.4&#8243; _module_preset=&#8220;default&#8220; global_colors_info=&#8220;{}&#8220;][et_pb_text _builder_version=&#8220;4.23.1&#8243; _module_preset=&#8220;5281867b-d037-43e6-a5fd-ec28a4f8bb6d&#8220; header_font=&#8220;|600|||||||&#8220; header_text_align=&#8220;center&#8220; header_text_color=&#8220;#000000&#8243; header_line_height=&#8220;1.2em&#8220; header_2_font_size=&#8220;26px&#8220; custom_margin=&#8220;||||false|false&#8220; custom_padding=&#8220;||||false|false&#8220; header_font_tablet=&#8220;|600|||||||&#8220; header_font_phone=&#8220;|600|||||||&#8220; header_font_last_edited=&#8220;on|tablet&#8220; header_2_font_size_tablet=&#8220;26px&#8220; header_2_font_size_phone=&#8220;&#8220; header_2_font_size_last_edited=&#8220;on|desktop&#8220; locked=&#8220;off&#8220; global_colors_info=&#8220;{}&#8220;]<\/p>\n<h4 style=\"text-align: center; font-size: 42px !important; font-weight: 600; letter-spacing: 0px; line-height: 1.2em !important;\">Weitere Funktionen, die Ihnen gefallen k\u00f6nnten<\/h4>\n<p>[\/et_pb_text][\/et_pb_column][\/et_pb_row][et_pb_row column_structure=&#8220;1_3,1_3,1_3&#8243; use_custom_gutter=&#8220;on&#8220; make_equal=&#8220;on&#8220; _builder_version=&#8220;4.23.1&#8243; _module_preset=&#8220;default&#8220; custom_margin=&#8220;||||false|false&#8220; custom_padding=&#8220;||0px||false|false&#8220; locked=&#8220;off&#8220; global_colors_info=&#8220;{}&#8220;][et_pb_column type=&#8220;1_3&#8243; _builder_version=&#8220;4.19.2&#8243; _module_preset=&#8220;default&#8220; global_colors_info=&#8220;{}&#8220;][et_pb_text _builder_version=&#8220;4.23.1&#8243; _module_preset=&#8220;default&#8220; text_font=&#8220;Open Sans||||||||&#8220; text_line_height=&#8220;1.4em&#8220; header_4_font=&#8220;Montserrat|600|||||||&#8220; header_4_line_height=&#8220;1.5em&#8220; custom_margin=&#8220;||0px||false|false&#8220; locked=&#8220;off&#8220; global_colors_info=&#8220;{}&#8220;]<\/p>\n<h4>Integrations-API<\/h4>\n<p>[\/et_pb_text][et_pb_image src=&#8220;https:\/\/goodgrants.com\/wp-content\/uploads\/2024\/11\/Feature-avaiable-on-Premium-and-Enterprise-plans-1.svg&#8220; alt=&#8220;Diese Funktion ist nur in Enterprise- und Premium-Pl\u00e4nen verf\u00fcgbar.&#8220; title_text=&#8220;Verf\u00fcgbar in Premium- und Enterprise-Pl\u00e4nen&#8220; _builder_version=&#8220;4.21.0&#8243; _module_preset=&#8220;default&#8220; width=&#8220;90%&#8220; global_colors_info=&#8220;{}&#8220;][\/et_pb_image][et_pb_text _builder_version=&#8220;4.23.1&#8243; _module_preset=&#8220;default&#8220; text_font=&#8220;Open Sans||||||||&#8220; header_4_font=&#8220;Montserrat|600|||||||&#8220; locked=&#8220;off&#8220; global_colors_info=&#8220;{}&#8220;]<\/p>\n<div class=\"et_pb_module et_pb_text et_pb_text_135 et_pb_text_align_left et_pb_bg_layout_light\">\n<div class=\"et_pb_text_inner\">\n<p>Erstellen Sie benutzerdefinierte Integrationen mit Ihren anderen Gesch\u00e4ftssystemen \u00fcber die Good Grants API.<\/p>\n<\/div>\n<\/div>\n<p>[\/et_pb_text][\/et_pb_column][et_pb_column type=&#8220;1_3&#8243; _builder_version=&#8220;4.19.2&#8243; _module_preset=&#8220;default&#8220; global_colors_info=&#8220;{}&#8220;][et_pb_text _builder_version=&#8220;4.24.0&#8243; _module_preset=&#8220;default&#8220; text_font=&#8220;Open Sans||||||||&#8220; text_line_height=&#8220;1.4em&#8220; header_4_font=&#8220;Montserrat|600|||||||&#8220; header_4_line_height=&#8220;1.5em&#8220; custom_margin=&#8220;||0px||false|false&#8220; locked=&#8220;off&#8220; global_colors_info=&#8220;{}&#8220;]<\/p>\n<h4>Salesforce-Integration<\/h4>\n<p>[\/et_pb_text][et_pb_image src=&#8220;https:\/\/goodgrants.com\/wp-content\/uploads\/2023\/05\/Available-as-a-paid-add-on-for-Premium-plans.svg&#8220; alt=&#8220;Als kostenpflichtiges Add-on f\u00fcr Premium-Pl\u00e4ne verf\u00fcgbar.&#8220; title_text=&#8220;Als kostenpflichtiges Add-on f\u00fcr Premium-Pl\u00e4ne verf\u00fcgbar.&#8220; _builder_version=&#8220;4.24.0&#8243; _module_preset=&#8220;default&#8220; width=&#8220;90%&#8220; global_colors_info=&#8220;{}&#8220;][\/et_pb_image][et_pb_text _builder_version=&#8220;4.24.0&#8243; _module_preset=&#8220;default&#8220; text_font=&#8220;Open Sans||||||||&#8220; header_4_font=&#8220;Montserrat|600|||||||&#8220; locked=&#8220;off&#8220; global_colors_info=&#8220;{}&#8220;]<\/p>\n<p>Good Grants erm\u00f6glicht einen nativen Datenaustausch, bei dem Sie w\u00e4hlen k\u00f6nnen, welche Informationen von Good Grants an Ihr Salesforce-Konto \u00fcbermittelt werden. Es ist auch kein Entwicklungsaufwand erforderlich. <\/p>\n<p>[\/et_pb_text][\/et_pb_column][et_pb_column type=&#8220;1_3&#8243; _builder_version=&#8220;4.19.2&#8243; _module_preset=&#8220;default&#8220; global_colors_info=&#8220;{}&#8220;][et_pb_text _builder_version=&#8220;4.24.0&#8243; _module_preset=&#8220;default&#8220; text_font=&#8220;Open Sans||||||||&#8220; text_line_height=&#8220;1.4em&#8220; header_4_font=&#8220;Montserrat|600|||||||&#8220; header_4_line_height=&#8220;1.5em&#8220; custom_margin=&#8220;||0px||false|false&#8220; locked=&#8220;off&#8220; global_colors_info=&#8220;{}&#8220;]<\/p>\n<h4>Audit-Protokoll<\/h4>\n<p>[\/et_pb_text][et_pb_image src=&#8220;https:\/\/goodgrants.com\/wp-content\/uploads\/2024\/11\/Feature-avaiable-on-Enterprise-plans-only.svg&#8220; alt=&#8220;Diese Funktion ist nur in Enterprise-Pl\u00e4nen verf\u00fcgbar.&#8220; title_text=&#8220;Diese Funktion ist nur in Enterprise-Pl\u00e4nen verf\u00fcgbar.&#8220; _builder_version=&#8220;4.27.3&#8243; _module_preset=&#8220;default&#8220; width=&#8220;90%&#8220; global_colors_info=&#8220;{}&#8220;][\/et_pb_image][et_pb_text _builder_version=&#8220;4.24.0&#8243; _module_preset=&#8220;default&#8220; text_font=&#8220;Open Sans||||||||&#8220; header_4_font=&#8220;Montserrat|600|||||||&#8220; locked=&#8220;off&#8220; global_colors_info=&#8220;{}&#8220;]<\/p>\n<p>Stellen Sie die Konformit\u00e4t Ihres Programms mit dem Audit-Protokoll sicher. Es erm\u00f6glicht Ihnen, eine detaillierte und durchsuchbare Aufzeichnung aller Benutzeraktivit\u00e4ten innerhalb Ihres Good Grants-Programms zu f\u00fchren. <\/p>\n<p>&nbsp;<\/p>\n<p>[\/et_pb_text][\/et_pb_column][\/et_pb_row][et_pb_row _builder_version=&#8220;4.21.0&#8243; _module_preset=&#8220;default&#8220; global_colors_info=&#8220;{}&#8220;][et_pb_column type=&#8220;4_4&#8243; _builder_version=&#8220;4.21.0&#8243; _module_preset=&#8220;default&#8220; global_colors_info=&#8220;{}&#8220;][et_pb_button button_url=&#8220;https:\/\/goodgrants.com\/de\/funktionen\/&#8220; button_text=&#8220;Zur\u00fcck zu allen Funktionen&#8220; button_alignment=&#8220;left&#8220; _builder_version=&#8220;4.21.0&#8243; _module_preset=&#8220;default&#8220; custom_button=&#8220;on&#8220; button_text_size=&#8220;18px&#8220; button_text_color=&#8220;#000000&#8243; button_bg_color=&#8220;RGBA(255,255,255,0)&#8220; button_border_color=&#8220;RGBA(255,255,255,0)&#8220; button_border_radius=&#8220;0px&#8220; button_font=&#8220;Montserrat||||on||||&#8220; button_icon=&#8220;&#xe03b;||divi||400&#8243; button_icon_color=&#8220;#00D08E&#8220; button_icon_placement=&#8220;left&#8220; background_layout=&#8220;dark&#8220; custom_margin=&#8220;||||false|false&#8220; custom_padding=&#8220;|||20px|false|false&#8220; locked=&#8220;off&#8220; global_colors_info=&#8220;{}&#8220; button_icon_color__hover_enabled=&#8220;on|hover&#8220; button_icon_color__hover=&#8220;#5A37D4&#8243;][\/et_pb_button][\/et_pb_column][\/et_pb_row][\/et_pb_section]<\/p>\n","protected":false},"excerpt":{"rendered":"<p><div class=\"et_pb_module dipi_breadcrumbs dipi_breadcrumbs_0\">\n\t\t\t\t\n\t\t\t\t\n\t\t\t\t\n\t\t\t\t\n\t\t\t\t\n\t\t\t\t\n\t\t\t\t<div class=\"et_pb_module_inner\">\n\t\t\t\t\t<div class=\"dipi-breadcrumbs dipi-bc-left\">\n                <ul >\n                    \n                                                        <li  class=\"dipi-breadcrumb-item dipi-breadcrumb-home\">\n\n                        \n                            <a  href=\"http:\/\/craigcf9.wpcomstaging.com\">\n                                <span  content=\"Home\">\n                                                                        Startseite                                <\/span>\n                            <\/a>\n\n                                                <meta itemprop=\"position\" content=\"1\"\/>                    <\/li>\n\n                    <li class=\"dipi-breadcrumb-separator\">\n                    <span class=\"et-pb-icon dipi-separator-icon\">&#xf105;<\/span>\n                <\/li>                            \n                <\/ul>\n            <\/div>\n\t\t\t\t<\/div>\n\t\t\t<\/div>Verbinden Sie Ihre allt\u00e4glichen Apps mit Good Grants mit ZapierDie Good Grants-Integrationen von Zapier helfen Ihnen, Daten automatisch an und von anderen Webdiensten zu \u00fcbermitteln, ohne eine einzige Codezeile schreiben zu m\u00fcssen.<div class=\"et_pb_module dipi_button_grid dipi_button_grid_0 et_pb_section_video_on_hover\">\n\t\t\t\t\n\t\t\t\t\n\t\t\t\t\n\t\t\t\t\n\t\t\t\t\n\t\t\t\t\n\t\t\t\t<div class=\"et_pb_module_inner\">\n\t\t\t\t\t<div class=\"dipi-button-grid-container\">\n                <div class=\"et_pb_with_border et_pb_module dipi_button_grid_child dipi_button_grid_child_0 et_pb_section_video_on_hover\">\n\t\t\t\t\n\t\t\t\t\n\t\t\t\t\n\t\t\t\t\n\t\t\t\t\n\t\t\t\t\n\t\t\t\t<div class=\"et_pb_module_inner\">\n\t\t\t\t\t<a class=\"et_pb_button dipi-button-grid dipi-button-wrap\" href=\"https:\/\/goodgrants.com\/de\/testversion\/\" target=\"_blank\">14-t\u00e4gige kostenlose Testphase<\/a>\n\t\t\t\t<\/div>\n\t\t\t<\/div><div class=\"et_pb_module dipi_button_grid_child dipi_button_grid_child_1\">\n\t\t\t\t\n\t\t\t\t\n\t\t\t\t\n\t\t\t\t\n\t\t\t\t\n\t\t\t\t\n\t\t\t\t<div class=\"et_pb_module_inner\">\n\t\t\t\t\t<a class=\"et_pb_button dipi-button-grid dipi-button-wrap\" href=\"https:\/\/goodgrants.com\/de\/kontaktanfrage\/\">Demo anfordern<\/a>\n\t\t\t\t<\/div>\n\t\t\t<\/div>\n            <\/div>\n\t\t\t\t<\/div>\n\t\t\t<\/div>Erm\u00f6glichen Sie tiefe Integrationen mit Ihren Gesch\u00e4ftsanwendungen und den Websites Ihrer OrganisationZapier verbindet Good Grants mit Tausenden von Apps und automatisiert all [&hellip;]<\/p>\n","protected":false},"author":11,"featured_media":16260777,"parent":16261711,"menu_order":0,"comment_status":"closed","ping_status":"closed","template":"","meta":{"_acf_changed":false,"_et_pb_use_builder":"on","_et_pb_old_content":"","_et_gb_content_width":"","footnotes":""},"dipi_cpt_category":[],"class_list":["post-16262204","page","type-page","status-publish","has-post-thumbnail","hentry"],"acf":[],"_links":{"self":[{"href":"https:\/\/goodgrants.com\/de\/wp-json\/wp\/v2\/pages\/16262204","targetHints":{"allow":["GET"]}}],"collection":[{"href":"https:\/\/goodgrants.com\/de\/wp-json\/wp\/v2\/pages"}],"about":[{"href":"https:\/\/goodgrants.com\/de\/wp-json\/wp\/v2\/types\/page"}],"author":[{"embeddable":true,"href":"https:\/\/goodgrants.com\/de\/wp-json\/wp\/v2\/users\/11"}],"replies":[{"embeddable":true,"href":"https:\/\/goodgrants.com\/de\/wp-json\/wp\/v2\/comments?post=16262204"}],"version-history":[{"count":5,"href":"https:\/\/goodgrants.com\/de\/wp-json\/wp\/v2\/pages\/16262204\/revisions"}],"predecessor-version":[{"id":16262793,"href":"https:\/\/goodgrants.com\/de\/wp-json\/wp\/v2\/pages\/16262204\/revisions\/16262793"}],"up":[{"embeddable":true,"href":"https:\/\/goodgrants.com\/de\/wp-json\/wp\/v2\/pages\/16261711"}],"wp:featuredmedia":[{"embeddable":true,"href":"https:\/\/goodgrants.com\/de\/wp-json\/wp\/v2\/media\/16260777"}],"wp:attachment":[{"href":"https:\/\/goodgrants.com\/de\/wp-json\/wp\/v2\/media?parent=16262204"}],"wp:term":[{"taxonomy":"dipi_cpt_category","embeddable":true,"href":"https:\/\/goodgrants.com\/de\/wp-json\/wp\/v2\/dipi_cpt_category?post=16262204"}],"curies":[{"name":"wp","href":"https:\/\/api.w.org\/{rel}","templated":true}]}}