{"id":16262126,"date":"2021-03-25T22:36:41","date_gmt":"2021-03-25T22:36:41","guid":{"rendered":"https:\/\/goodgrants.com\/erfahrungsberichte\/bellingen-shire-community-grant\/"},"modified":"2025-10-22T13:47:18","modified_gmt":"2025-10-22T13:47:18","slug":"bellingen-shire-community-grant","status":"publish","type":"page","link":"https:\/\/goodgrants.com\/de\/erfahrungsberichte\/bellingen-shire-community-grant\/","title":{"rendered":"Bellingen Shire Community Grant"},"content":{"rendered":"<p>[et_pb_section fb_built=&#8220;1&#8243; _builder_version=&#8220;4.19.4&#8243; _module_preset=&#8220;default&#8220; background_color=&#8220;RGBA(255,255,255,0)&#8220; background_enable_image=&#8220;off&#8220; custom_padding=&#8220;2vw||4vw||false|false&#8220; global_colors_info=&#8220;{}&#8220;][et_pb_row use_custom_gutter=&#8220;on&#8220; _builder_version=&#8220;4.20.0&#8243; _module_preset=&#8220;default&#8220; custom_margin=&#8220;||||false|false&#8220; custom_padding=&#8220;||||false|false&#8220; global_colors_info=&#8220;{}&#8220;][et_pb_column type=&#8220;4_4&#8243; _builder_version=&#8220;4.19.4&#8243; _module_preset=&#8220;default&#8220; custom_padding=&#8220;|20px|||false|false&#8220; global_colors_info=&#8220;{}&#8220;][dipi_breadcrumbs bc_custom_home=&#8220;on&#8220; bc_home_text=&#8220;Startseite&#8220; bc_home_url=&#8220;https:\/\/goodgrants.com\/de\/&#8220; bc_home_icon=&#8220;off&#8220; bc_separator_icon=&#8220;&#xf105;||fa||900&#8243; bc_separator_size=&#8220;18px&#8220; bc_separator_color=&#8220;#000000&#8243; bc_item_bg_color=&#8220;RGBA(255,255,255,0)&#8220; bc_active_item_color=&#8220;RGBA(255,255,255,0)&#8220; bc_active_item_padding=&#8220;||||false|false&#8220; _builder_version=&#8220;4.21.0&#8243; _module_preset=&#8220;default&#8220; items_font=&#8220;Montserrat|600|||||||&#8220; items_text_color=&#8220;#000000&#8243; items_font_size=&#8220;18px&#8220; hover_font=&#8220;||||on||||&#8220; active_font=&#8220;|700|||on|||#5A37D4|&#8220; active_text_color=&#8220;#5A37D4&#8243; custom_margin=&#8220;||-5px|-10px|false|false&#8220; custom_padding=&#8220;||||false|false&#8220; locked=&#8220;off&#8220; global_colors_info=&#8220;{}&#8220;][\/dipi_breadcrumbs][et_pb_text _builder_version=&#8220;4.27.4&#8243; _module_preset=&#8220;9d7296e6-789a-47f7-ba85-488d5fcff92f&#8220; header_font=&#8220;|600|||||||&#8220; header_text_color=&#8220;#FFFFFF&#8220; header_line_height=&#8220;1.2em&#8220; custom_margin=&#8220;||10px||false|false&#8220; custom_padding=&#8220;||||false|false&#8220; hover_enabled=&#8220;0&#8243; locked=&#8220;off&#8220; global_colors_info=&#8220;{}&#8220; sticky_enabled=&#8220;0&#8243;]<\/p>\n<h1 id=\"main\" style=\"color: #000000; text-align: left; line-height: 1.2em;\"><span style=\"color: #000000;\">Good Grants unterst\u00fctzt australische Wiederaufbauinitiativen nach Br\u00e4nden mit einfachem Antragsprozess<\/span><\/h1>\n<p>[\/et_pb_text][\/et_pb_column][\/et_pb_row][\/et_pb_section][et_pb_section fb_built=&#8220;1&#8243; _builder_version=&#8220;4.20.0&#8243; _module_preset=&#8220;default&#8220; custom_padding=&#8220;||3vw||false|false&#8220; global_colors_info=&#8220;{}&#8220;][et_pb_row column_structure=&#8220;2_5,3_5&#8243; use_custom_gutter=&#8220;on&#8220; gutter_width=&#8220;3&#8243; make_equal=&#8220;on&#8220; _builder_version=&#8220;4.20.0&#8243; _module_preset=&#8220;default&#8220; locked=&#8220;off&#8220; global_colors_info=&#8220;{}&#8220;][et_pb_column type=&#8220;2_5&#8243; _builder_version=&#8220;4.20.0&#8243; _module_preset=&#8220;default&#8220; sticky_limit_bottom=&#8220;section&#8220; global_colors_info=&#8220;{}&#8220;][et_pb_image src=&#8220;https:\/\/goodgrants.com\/wp-content\/uploads\/2023\/03\/Asset-133.png&#8220; alt=&#8220;Logo des Bellingen Shire Council&#8220; title_text=&#8220;Bellingen Shire Council&#8220; show_bottom_space=&#8220;off&#8220; _builder_version=&#8220;4.20.0&#8243; _module_preset=&#8220;default&#8220; width=&#8220;100%&#8220; module_alignment=&#8220;left&#8220; custom_margin=&#8220;||20px||false|false&#8220; global_colors_info=&#8220;{}&#8220;][\/et_pb_image][et_pb_text _builder_version=&#8220;4.20.4&#8243; _module_preset=&#8220;9d7296e6-789a-47f7-ba85-488d5fcff92f&#8220; global_colors_info=&#8220;{}&#8220;]<\/p>\n<table border=\"0\" style=\"height: 356px; width: 96.3732%; border-style: none;\">\n<tbody>\n<tr style=\"height: 20px;\">\n<td style=\"height: 20px; vertical-align: top; border-style: none none solid; width: 20.0598%; padding: 15px 0px !important;\" scope=\"row\"><strong><span style=\"color: #000000;\">Industrie<\/span><\/strong><\/td>\n<td style=\"width: 40.9612%; height: 20px; vertical-align: top; border-style: none none solid; padding: 15px 0px 10px 10px !important;\" scope=\"row\"><span style=\"color: #000000;\">Regierung<\/span><\/td>\n<\/tr>\n<tr style=\"height: 20px;\">\n<td style=\"height: 20px; vertical-align: top; border-bottom-style: solid; width: 20.0598%; padding: 15px 0px !important;\" scope=\"row\"><strong><span style=\"color: #000000;\">Standort<\/span><\/strong><\/td>\n<td style=\"width: 40.9612%; height: 20px; vertical-align: top; border-bottom-style: solid; padding: 15px 0px 10px 10px !important;\" scope=\"row\"><span>NSW, Australien<\/span><\/td>\n<\/tr>\n<tr style=\"height: 20px;\">\n<td style=\"height: 20px; vertical-align: top; border-bottom-style: solid; width: 20.0598%; padding: 15px 0px !important;\" scope=\"row\"><strong><span style=\"color: #000000;\">Kunde seit<\/span><\/strong><\/td>\n<td style=\"width: 40.9612%; height: 20px; vertical-align: top; border-bottom-style: solid; padding: 15px 0px 10px 10px !important;\" scope=\"row\"><span style=\"color: #000000;\">2020<\/span><\/td>\n<\/tr>\n<tr style=\"height: 20px;\">\n<td style=\"height: 20px; vertical-align: top; border-bottom-style: solid; width: 20.0598%; padding: 15px 0px !important;\" scope=\"row\"><strong><span style=\"color: #000000;\">Mitarbeiter<\/span><\/strong><\/td>\n<td style=\"width: 40.9612%; height: 20px; vertical-align: top; border-bottom-style: solid; padding: 15px 0px 10px 10px !important;\" scope=\"row\">150<\/td>\n<\/tr>\n<tr style=\"height: 20px;\">\n<td style=\"vertical-align: top; height: 20px; border-bottom-style: solid; width: 20.0598%; padding: 15px 0px !important;\" scope=\"row\"><strong><span style=\"color: #000000;\">Mehr \u00fcber<br \/><\/span><\/strong><span style=\"color: #000000;\"><b>BSC<\/b><\/span><\/td>\n<td style=\"width: 40.9612%; vertical-align: top; height: 20px; border-bottom-style: solid; padding: 15px 0px 10px 10px !important;\" scope=\"row\"><span style=\"text-decoration: underline;\"><span style=\"color: #000000;\"><a href=\"https:\/\/www.bellingen.nsw.gov.au\/Home\" style=\"color: #000000;\" target=\"_blank\" rel=\"noopener\">bellingen.nsw.gov.au<\/a><\/span><\/span><\/td>\n<\/tr>\n<\/tbody>\n<\/table>\n<p>[\/et_pb_text][\/et_pb_column][et_pb_column type=&#8220;3_5&#8243; _builder_version=&#8220;4.20.0&#8243; _module_preset=&#8220;default&#8220; custom_padding=&#8220;||||false|false&#8220; global_colors_info=&#8220;{}&#8220;][et_pb_image src=&#8220;https:\/\/goodgrants.com\/wp-content\/uploads\/2023\/03\/Asset-143.svg&#8220; title_text=&#8220;Anf\u00fchrungszeichen&#8220; show_bottom_space=&#8220;off&#8220; align_tablet=&#8220;&#8220; align_phone=&#8220;&#8220; align_last_edited=&#8220;on|phone&#8220; _builder_version=&#8220;4.20.0&#8243; _module_preset=&#8220;default&#8220; width=&#8220;7%&#8220; width_tablet=&#8220;7%&#8220; width_phone=&#8220;7%&#8220; width_last_edited=&#8220;on|desktop&#8220; module_alignment=&#8220;left&#8220; max_height=&#8220;30px&#8220; locked=&#8220;off&#8220; global_colors_info=&#8220;{}&#8220;][\/et_pb_image][et_pb_text _builder_version=&#8220;4.20.0&#8243; _module_preset=&#8220;9d7296e6-789a-47f7-ba85-488d5fcff92f&#8220; text_font=&#8220;Montserrat|500|||||||&#8220; text_font_size=&#8220;24px&#8220; custom_margin=&#8220;20px||||false|false&#8220; global_colors_info=&#8220;{}&#8220;]<\/p>\n<p><span style=\"font-weight: 400; line-height: 1.5em;\">Das Good Grants-System hat Effizienzsteigerungen in Bezug auf den Antragsprozess und einige andere Teile des Grant-Prozesses geschaffen.&#8220;<\/span><\/p>\n<p>[\/et_pb_text][et_pb_text _builder_version=&#8220;4.20.0&#8243; _module_preset=&#8220;9d7296e6-789a-47f7-ba85-488d5fcff92f&#8220; header_font=&#8220;|600|||||||&#8220; header_text_align=&#8220;center&#8220; header_text_color=&#8220;#000000&#8243; header_line_height=&#8220;1.2em&#8220; header_2_font=&#8220;Montserrat|500|||||||&#8220; custom_margin=&#8220;||-1px||false|false&#8220; custom_padding=&#8220;||0px||false|false&#8220; global_colors_info=&#8220;{}&#8220;]<\/p>\n<h2 style=\"font-weight: 600; font-size: 42px !important; letter-spacing: 0px; line-height: 1.5em !important; text-align: left;\">Hintergrund<\/h2>\n<p>[\/et_pb_text][et_pb_text _builder_version=&#8220;4.20.0&#8243; _module_preset=&#8220;9d7296e6-789a-47f7-ba85-488d5fcff92f&#8220; text_font=&#8220;Open Sans||||||||&#8220; text_line_height=&#8220;1.6em&#8220; custom_padding=&#8220;||0px|||&#8220; global_colors_info=&#8220;{}&#8220;]Der Bellingen Shire Council befindet sich in der Region Mid North Coast von New South Wales, Australien.<\/span><\/p>\n<p>Der Rat betreibt das Disaster Recovery and Resilience Grant Program, um Mittel zur Unterst\u00fctzung der breiteren Gemeinschaft (Einzelpersonen, Unternehmen und Organisationen) bereitzustellen, die sich von den Auswirkungen der Buschfeuersaison 2019-2020 erholen.[\/et_pb_text][\/et_pb_column][\/et_pb_row][\/et_pb_section][et_pb_section fb_built=&#8220;1&#8243; _builder_version=&#8220;4.20.0&#8243; _module_preset=&#8220;default&#8220; custom_padding=&#8220;||3vw||false|false&#8220; global_colors_info=&#8220;{}&#8220;][et_pb_row _builder_version=&#8220;4.20.0&#8243; _module_preset=&#8220;default&#8220; custom_margin=&#8220;||||false|false&#8220; custom_padding=&#8220;||||false|false&#8220; global_colors_info=&#8220;{}&#8220;][et_pb_column type=&#8220;4_4&#8243; _builder_version=&#8220;4.19.4&#8243; _module_preset=&#8220;default&#8220; global_colors_info=&#8220;{}&#8220;][et_pb_text _builder_version=&#8220;4.27.4&#8243; _module_preset=&#8220;9d7296e6-789a-47f7-ba85-488d5fcff92f&#8220; header_font=&#8220;|600|||||||&#8220; header_text_align=&#8220;center&#8220; header_text_color=&#8220;#000000&#8243; header_line_height=&#8220;1.2em&#8220; header_2_font=&#8220;Montserrat|500|||||||&#8220; custom_margin=&#8220;||||false|false&#8220; custom_padding=&#8220;||||false|false&#8220; hover_enabled=&#8220;0&#8243; global_colors_info=&#8220;{}&#8220; sticky_enabled=&#8220;0&#8243;]<\/p>\n<h2 style=\"text-align: center; font-weight: 600;\">Herausforderungen vor Good Grants<\/h2>\n<p>[\/et_pb_text][\/et_pb_column][\/et_pb_row][et_pb_row column_structure=&#8220;2_5,3_5&#8243; use_custom_gutter=&#8220;on&#8220; make_equal=&#8220;on&#8220; _builder_version=&#8220;4.20.0&#8243; _module_preset=&#8220;default&#8220; custom_css_main_element=&#8220;align-items: flex-start;&#8220; locked=&#8220;off&#8220; global_colors_info=&#8220;{}&#8220;][et_pb_column type=&#8220;2_5&#8243; _builder_version=&#8220;4.20.0&#8243; _module_preset=&#8220;default&#8220; sticky_limit_bottom=&#8220;section&#8220; global_colors_info=&#8220;{}&#8220;][et_pb_image src=&#8220;https:\/\/goodgrants.com\/wp-content\/uploads\/2023\/03\/Asset-143.svg&#8220; title_text=&#8220;Anf\u00fchrungszeichen&#8220; show_bottom_space=&#8220;off&#8220; align_tablet=&#8220;&#8220; align_phone=&#8220;&#8220; align_last_edited=&#8220;on|phone&#8220; _builder_version=&#8220;4.20.0&#8243; _module_preset=&#8220;default&#8220; width=&#8220;7%&#8220; width_tablet=&#8220;7%&#8220; width_phone=&#8220;7%&#8220; width_last_edited=&#8220;on|desktop&#8220; module_alignment=&#8220;left&#8220; max_height=&#8220;30px&#8220; locked=&#8220;off&#8220; global_colors_info=&#8220;{}&#8220;][\/et_pb_image][et_pb_text _builder_version=&#8220;4.20.0&#8243; _module_preset=&#8220;9d7296e6-789a-47f7-ba85-488d5fcff92f&#8220; text_font=&#8220;Montserrat|500|||||||&#8220; text_font_size=&#8220;24px&#8220; custom_margin=&#8220;20px||||false|false&#8220; global_colors_info=&#8220;{}&#8220;]<\/p>\n<p><span style=\"font-weight: 400; line-height: 1.5em;\">Zuvor erfolgte dies durch einen manuellen und sehr administrativen Prozess&#8230;&#8220;<\/span><\/p>\n<p>[\/et_pb_text][\/et_pb_column][et_pb_column type=&#8220;3_5&#8243; _builder_version=&#8220;4.20.0&#8243; _module_preset=&#8220;default&#8220; sticky_limit_bottom=&#8220;section&#8220; global_colors_info=&#8220;{}&#8220;][et_pb_text _builder_version=&#8220;4.20.0&#8243; _module_preset=&#8220;9d7296e6-789a-47f7-ba85-488d5fcff92f&#8220; text_font=&#8220;Open Sans||||||||&#8220; text_line_height=&#8220;1.6em&#8220; custom_padding=&#8220;||0px|||&#8220; global_colors_info=&#8220;{}&#8220;]<\/p>\n<p><span>\u201eUnsere F\u00f6rdermittelprogramme werden intern vom Referenten f\u00fcr F\u00f6rdermittel und Gesch\u00e4ftsentwicklung verwaltet. Zuvor erfolgte dies \u00fcber einen manuellen und sehr administrativen Prozess, der erhebliche Mengen an Zeit in Anspruch nahm\u201c, sagte Maxine Compton, die F\u00f6rdermittelprogramm-Managerin des Councils.<\/span><\/p>\n<p><span>Sie ben\u00f6tigten ein Online-System, um ihren gesamten Grant-Application- und \u00dcberpr\u00fcfungsprozess zu rationalisieren.<\/span><\/p>\n<p>[\/et_pb_text][\/et_pb_column][\/et_pb_row][et_pb_row _builder_version=&#8220;4.20.0&#8243; _module_preset=&#8220;default&#8220; custom_margin=&#8220;||||false|false&#8220; custom_padding=&#8220;||||false|false&#8220; global_colors_info=&#8220;{}&#8220;][et_pb_column type=&#8220;4_4&#8243; _builder_version=&#8220;4.19.4&#8243; _module_preset=&#8220;default&#8220; global_colors_info=&#8220;{}&#8220;][et_pb_text _builder_version=&#8220;4.20.0&#8243; _module_preset=&#8220;9d7296e6-789a-47f7-ba85-488d5fcff92f&#8220; header_font=&#8220;|600|||||||&#8220; header_text_align=&#8220;center&#8220; header_text_color=&#8220;#000000&#8243; header_line_height=&#8220;1.2em&#8220; header_2_font=&#8220;Montserrat|500|||||||&#8220; custom_margin=&#8220;||||false|false&#8220; custom_padding=&#8220;||||false|false&#8220; global_colors_info=&#8220;{}&#8220;]<\/p>\n<h2 style=\"text-align: center; font-weight: 600;\">Die Good Grants-Wahl<\/h2>\n<p>[\/et_pb_text][\/et_pb_column][\/et_pb_row][et_pb_row column_structure=&#8220;2_5,3_5&#8243; use_custom_gutter=&#8220;on&#8220; make_equal=&#8220;on&#8220; _builder_version=&#8220;4.20.0&#8243; _module_preset=&#8220;default&#8220; custom_css_main_element=&#8220;align-items: center;&#8220; locked=&#8220;off&#8220; global_colors_info=&#8220;{}&#8220;][et_pb_column type=&#8220;2_5&#8243; _builder_version=&#8220;4.16&#8243; _module_preset=&#8220;default&#8220; global_colors_info=&#8220;{}&#8220;][et_pb_image src=&#8220;https:\/\/goodgrants.com\/wp-content\/uploads\/2023\/03\/Bellingen2.jpg&#8220; alt=&#8220;Homepage des Grant-Programms des Bellingen Shire Council&#8220; title_text=&#8220;Anmeldeseite des Programms Bellingen Shire Council&#8220; _builder_version=&#8220;4.20.0&#8243; _module_preset=&#8220;default&#8220; custom_margin=&#8220;||||false|false&#8220; custom_padding=&#8220;||||false|false&#8220; border_width_all=&#8220;1px&#8220; global_colors_info=&#8220;{}&#8220;][\/et_pb_image][\/et_pb_column][et_pb_column type=&#8220;3_5&#8243; _builder_version=&#8220;4.16&#8243; _module_preset=&#8220;default&#8220; global_colors_info=&#8220;{}&#8220;][et_pb_image src=&#8220;https:\/\/goodgrants.com\/wp-content\/uploads\/2023\/03\/Asset-143.svg&#8220; title_text=&#8220;Anf\u00fchrungszeichen&#8220; show_bottom_space=&#8220;off&#8220; align_tablet=&#8220;&#8220; align_phone=&#8220;&#8220; align_last_edited=&#8220;on|phone&#8220; _builder_version=&#8220;4.20.0&#8243; _module_preset=&#8220;default&#8220; width=&#8220;7%&#8220; width_tablet=&#8220;7%&#8220; width_phone=&#8220;7%&#8220; width_last_edited=&#8220;on|desktop&#8220; module_alignment=&#8220;left&#8220; max_height=&#8220;30px&#8220; locked=&#8220;off&#8220; global_colors_info=&#8220;{}&#8220;][\/et_pb_image][et_pb_text _builder_version=&#8220;4.20.0&#8243; _module_preset=&#8220;9d7296e6-789a-47f7-ba85-488d5fcff92f&#8220; text_font=&#8220;Montserrat|500|||||||&#8220; text_font_size=&#8220;24px&#8220; custom_margin=&#8220;20px||||false|false&#8220; custom_padding=&#8220;||20px||false|false&#8220; global_colors_info=&#8220;{}&#8220;]<\/p>\n<p><span style=\"font-weight: 400; line-height: 1.5em;\">Das Good Grants-System war attraktiv, da es benutzerfreundlich und intuitiv erschien.&#8220;<\/span><\/p>\n<p>[\/et_pb_text][et_pb_text _builder_version=&#8220;4.20.4&#8243; _module_preset=&#8220;9d7296e6-789a-47f7-ba85-488d5fcff92f&#8220; text_font=&#8220;Open Sans||||||||&#8220; text_line_height=&#8220;1.6em&#8220; global_colors_info=&#8220;{}&#8220;]<\/p>\n<p><span>\u201eWir wollten den Verwaltungsaufwand der F\u00f6rdermittelprogramme reduzieren, benutzerfreundlich sein und den gesamten Prozess besser online verwalten\u201c, sagte Compton.<\/span><\/p>\n<p><span>\u201eDas Good Grants-System war attraktiv, da es benutzerfreundlich und intuitiv erschien. Es war auch im Aussehen \u201efreundlich\u201c f\u00fcr den Endbenutzer und einfach zu navigieren.\u201c<\/span><\/p>\n<p>[\/et_pb_text][\/et_pb_column][\/et_pb_row][et_pb_row column_structure=&#8220;1_2,1_2&#8243; _builder_version=&#8220;4.20.0&#8243; _module_preset=&#8220;default&#8220; locked=&#8220;off&#8220; global_colors_info=&#8220;{}&#8220;][et_pb_column type=&#8220;1_2&#8243; _builder_version=&#8220;4.20.0&#8243; _module_preset=&#8220;default&#8220; sticky_limit_bottom=&#8220;section&#8220; global_colors_info=&#8220;{}&#8220;][et_pb_text _builder_version=&#8220;4.20.0&#8243; _module_preset=&#8220;9d7296e6-789a-47f7-ba85-488d5fcff92f&#8220; header_font=&#8220;|600|||||||&#8220; header_text_align=&#8220;center&#8220; header_text_color=&#8220;#000000&#8243; header_line_height=&#8220;1.2em&#8220; header_2_font=&#8220;Montserrat|500|||||||&#8220; custom_margin=&#8220;||||false|false&#8220; custom_padding=&#8220;||||false|false&#8220; global_colors_info=&#8220;{}&#8220;]<\/p>\n<h2 style=\"font-weight: 600; font-size: 42px !important; letter-spacing: 0px; line-height: 1.5em !important; text-align: left;\">Lieblingsfunktionen<\/h2>\n<p>[\/et_pb_text][et_pb_text _builder_version=&#8220;4.20.0&#8243; _module_preset=&#8220;9d7296e6-789a-47f7-ba85-488d5fcff92f&#8220; text_font=&#8220;Open Sans||||||||&#8220; text_line_height=&#8220;1.6em&#8220; custom_padding=&#8220;||0px|||&#8220; global_colors_info=&#8220;{}&#8220;]Benachrichtigungen, Broadcasts und effiziente erweiterte Suche innerhalb von Kategorien\/Kapiteln.[\/et_pb_text][\/et_pb_column][et_pb_column type=&#8220;1_2&#8243; _builder_version=&#8220;4.20.0&#8243; _module_preset=&#8220;default&#8220; sticky_limit_bottom=&#8220;section&#8220; global_colors_info=&#8220;{}&#8220;][et_pb_text _builder_version=&#8220;4.20.0&#8243; _module_preset=&#8220;9d7296e6-789a-47f7-ba85-488d5fcff92f&#8220; header_font=&#8220;|600|||||||&#8220; header_text_align=&#8220;center&#8220; header_text_color=&#8220;#000000&#8243; header_line_height=&#8220;1.2em&#8220; header_2_font=&#8220;Montserrat|500|||||||&#8220; custom_margin=&#8220;||||false|false&#8220; custom_padding=&#8220;||||false|false&#8220; global_colors_info=&#8220;{}&#8220;]<\/p>\n<h2 style=\"font-weight: 600; font-size: 42px !important; letter-spacing: 0px; line-height: 1.5em !important; text-align: left;\">Good Grants Erfolg<\/h2>\n<p>[\/et_pb_text][et_pb_text _builder_version=&#8220;4.20.0&#8243; _module_preset=&#8220;9d7296e6-789a-47f7-ba85-488d5fcff92f&#8220; text_font=&#8220;Open Sans||||||||&#8220; text_line_height=&#8220;1.6em&#8220; custom_padding=&#8220;||0px|||&#8220; global_colors_info=&#8220;{}&#8220;]<\/p>\n<p><span>\u201eDas Good Grants-System hat Effizienzsteigerungen in Bezug auf den Antragsprozess und einige andere Teile des Grant-Prozesses geschaffen\u201c, sagte Compton. \u201eEs ist ein gutes, einfach zu bedienendes System\u201c. <\/span><\/p>\n<p>[\/et_pb_text][et_pb_text _builder_version=&#8220;4.27.4&#8243; _module_preset=&#8220;9d7296e6-789a-47f7-ba85-488d5fcff92f&#8220; text_font=&#8220;Open Sans||||||||&#8220; text_line_height=&#8220;1.6em&#8220; custom_margin=&#8220;||||false|false&#8220; global_colors_info=&#8220;{}&#8220;]<strong><b>Maxine Compton, <\/b><b>Bellingen Shire Council<\/b> <\/strong><span style=\"font-weight: 600; font-size: 18px; line-height: 1.5em; text-decoration: underline; color: #000000;\"><\/span>[\/et_pb_text][et_pb_button button_url=&#8220;https:\/\/goodgrants.com\/de\/erfahrungsberichte\/&#8220; button_text=&#8220;Zur\u00fcck zu allen Testimonials&#8220; button_alignment=&#8220;left&#8220; _builder_version=&#8220;4.20.4&#8243; _module_preset=&#8220;d510094b-9c5f-4a95-b9b6-8893c7a106a7&#8243; custom_button=&#8220;on&#8220; button_text_size=&#8220;18px&#8220; button_text_color=&#8220;#000000&#8243; button_bg_color=&#8220;RGBA(255,255,255,0)&#8220; button_border_color=&#8220;RGBA(255,255,255,0)&#8220; button_border_radius=&#8220;0px&#8220; button_font=&#8220;Open Sans||||||||&#8220; button_icon=&#8220;&#xe03b;||divi||400&#8243; button_icon_color=&#8220;#00D08E&#8220; button_icon_placement=&#8220;left&#8220; background_layout=&#8220;dark&#8220; custom_margin=&#8220;||||false|false&#8220; custom_padding=&#8220;|||20px|false|false&#8220; locked=&#8220;off&#8220; global_colors_info=&#8220;{}&#8220;][\/et_pb_button][\/et_pb_column][\/et_pb_row][\/et_pb_section]<\/p>\n","protected":false},"excerpt":{"rendered":"<p>Der Bellingen Shire Council w\u00e4hlte Good Grants als seine Plattform f\u00fcr das F\u00f6rdermittelmanagement, um seinen Nutzern einen durchg\u00e4ngigen F\u00f6rdermittelantragsprozess zu bieten. Lesen Sie die Fallstudie. <\/p>\n","protected":false},"author":2,"featured_media":16259997,"parent":16261864,"menu_order":0,"comment_status":"closed","ping_status":"closed","template":"","meta":{"_acf_changed":false,"_et_pb_use_builder":"on","_et_pb_old_content":"","_et_gb_content_width":"","footnotes":""},"dipi_cpt_category":[],"class_list":["post-16262126","page","type-page","status-publish","has-post-thumbnail","hentry"],"acf":[],"_links":{"self":[{"href":"https:\/\/goodgrants.com\/de\/wp-json\/wp\/v2\/pages\/16262126","targetHints":{"allow":["GET"]}}],"collection":[{"href":"https:\/\/goodgrants.com\/de\/wp-json\/wp\/v2\/pages"}],"about":[{"href":"https:\/\/goodgrants.com\/de\/wp-json\/wp\/v2\/types\/page"}],"author":[{"embeddable":true,"href":"https:\/\/goodgrants.com\/de\/wp-json\/wp\/v2\/users\/2"}],"replies":[{"embeddable":true,"href":"https:\/\/goodgrants.com\/de\/wp-json\/wp\/v2\/comments?post=16262126"}],"version-history":[{"count":8,"href":"https:\/\/goodgrants.com\/de\/wp-json\/wp\/v2\/pages\/16262126\/revisions"}],"predecessor-version":[{"id":16263997,"href":"https:\/\/goodgrants.com\/de\/wp-json\/wp\/v2\/pages\/16262126\/revisions\/16263997"}],"up":[{"embeddable":true,"href":"https:\/\/goodgrants.com\/de\/wp-json\/wp\/v2\/pages\/16261864"}],"wp:featuredmedia":[{"embeddable":true,"href":"https:\/\/goodgrants.com\/de\/wp-json\/wp\/v2\/media\/16259997"}],"wp:attachment":[{"href":"https:\/\/goodgrants.com\/de\/wp-json\/wp\/v2\/media?parent=16262126"}],"wp:term":[{"taxonomy":"dipi_cpt_category","embeddable":true,"href":"https:\/\/goodgrants.com\/de\/wp-json\/wp\/v2\/dipi_cpt_category?post=16262126"}],"curies":[{"name":"wp","href":"https:\/\/api.w.org\/{rel}","templated":true}]}}