{"id":16262125,"date":"2020-05-18T01:39:52","date_gmt":"2020-05-18T01:39:52","guid":{"rendered":"https:\/\/goodgrants.com\/erfahrungsberichte\/aidsfonds-zuschusse\/"},"modified":"2025-09-16T08:13:25","modified_gmt":"2025-09-16T08:13:25","slug":"aidsfonds-zuschusse","status":"publish","type":"page","link":"https:\/\/goodgrants.com\/de\/erfahrungsberichte\/aidsfonds-zuschusse\/","title":{"rendered":"Aidsfonds-Zusch\u00fcsse"},"content":{"rendered":"<p>[et_pb_section fb_built=&#8220;1&#8243; _builder_version=&#8220;4.19.4&#8243; _module_preset=&#8220;default&#8220; background_color=&#8220;RGBA(255,255,255,0)&#8220; background_enable_image=&#8220;off&#8220; custom_padding=&#8220;2vw||4vw||false|false&#8220; global_colors_info=&#8220;{}&#8220;][et_pb_row use_custom_gutter=&#8220;on&#8220; _builder_version=&#8220;4.20.0&#8243; _module_preset=&#8220;default&#8220; custom_margin=&#8220;||||false|false&#8220; custom_padding=&#8220;||||false|false&#8220; global_colors_info=&#8220;{}&#8220;][et_pb_column type=&#8220;4_4&#8243; _builder_version=&#8220;4.19.4&#8243; _module_preset=&#8220;default&#8220; custom_padding=&#8220;|20px|||false|false&#8220; global_colors_info=&#8220;{}&#8220;][dipi_breadcrumbs bc_custom_home=&#8220;on&#8220; bc_home_text=&#8220;Startseite&#8220; bc_home_url=&#8220;https:\/\/goodgrants.com\/de\/&#8220; bc_home_icon=&#8220;off&#8220; bc_separator_icon=&#8220;&#xf105;||fa||900&#8243; bc_separator_size=&#8220;18px&#8220; bc_separator_color=&#8220;#000000&#8243; bc_item_bg_color=&#8220;RGBA(255,255,255,0)&#8220; bc_active_item_color=&#8220;RGBA(255,255,255,0)&#8220; bc_active_item_padding=&#8220;||||false|false&#8220; _builder_version=&#8220;4.21.0&#8243; _module_preset=&#8220;default&#8220; items_font=&#8220;Montserrat|600|||||||&#8220; items_text_color=&#8220;#000000&#8243; items_font_size=&#8220;18px&#8220; hover_font=&#8220;||||on||||&#8220; active_font=&#8220;|700|||on|||#5A37D4|&#8220; active_text_color=&#8220;#5A37D4&#8243; custom_margin=&#8220;||-5px|-10px|false|false&#8220; custom_padding=&#8220;||||false|false&#8220; locked=&#8220;off&#8220; global_colors_info=&#8220;{}&#8220;][\/dipi_breadcrumbs][et_pb_text _builder_version=&#8220;4.21.0&#8243; _module_preset=&#8220;1ae11ba8-a75c-40a9-bebb-85c8f2a15812&#8243; header_font=&#8220;|600|||||||&#8220; header_text_color=&#8220;#FFFFFF&#8220; header_line_height=&#8220;1.2em&#8220; custom_margin=&#8220;||10px||false|false&#8220; custom_padding=&#8220;||||false|false&#8220; hover_enabled=&#8220;0&#8243; locked=&#8220;off&#8220; global_colors_info=&#8220;{}&#8220; sticky_enabled=&#8220;0&#8243;]<\/p>\n<h1 id=\"main\" style=\"color: #000000; text-align: left; line-height: 1.2em;\"><span style=\"color: #000000;\">Good Grants bietet Aidsfonds Sicherheit und Funktionalit\u00e4t, um die Mission einer Welt ohne AIDS zu unterst\u00fctzen<\/span><\/h1>\n<p>[\/et_pb_text][\/et_pb_column][\/et_pb_row][\/et_pb_section][et_pb_section fb_built=&#8220;1&#8243; _builder_version=&#8220;4.20.0&#8243; _module_preset=&#8220;default&#8220; custom_padding=&#8220;||3vw||false|false&#8220; global_colors_info=&#8220;{}&#8220;][et_pb_row column_structure=&#8220;2_5,3_5&#8243; use_custom_gutter=&#8220;on&#8220; gutter_width=&#8220;3&#8243; make_equal=&#8220;on&#8220; _builder_version=&#8220;4.20.0&#8243; _module_preset=&#8220;default&#8220; locked=&#8220;off&#8220; global_colors_info=&#8220;{}&#8220;][et_pb_column type=&#8220;2_5&#8243; _builder_version=&#8220;4.20.0&#8243; _module_preset=&#8220;default&#8220; sticky_limit_bottom=&#8220;section&#8220; global_colors_info=&#8220;{}&#8220;][et_pb_image src=&#8220;https:\/\/goodgrants.com\/wp-content\/uploads\/2023\/02\/Asset-120.png&#8220; alt=&#8220;jinnYouity-Logo&#8220; title_text=&#8220;aidsfonds2&#8243; show_bottom_space=&#8220;off&#8220; _builder_version=&#8220;4.20.0&#8243; _module_preset=&#8220;default&#8220; width=&#8220;90%&#8220; custom_margin=&#8220;||10px||false|false&#8220; global_colors_info=&#8220;{}&#8220;][\/et_pb_image][et_pb_text _builder_version=&#8220;4.20.4&#8243; _module_preset=&#8220;1ae11ba8-a75c-40a9-bebb-85c8f2a15812&#8243; global_colors_info=&#8220;{}&#8220;]<\/p>\n<table border=\"0\" style=\"height: 356px; width: 96.3732%; border-style: none;\">\n<tbody>\n<tr style=\"height: 24px;\">\n<td style=\"height: 24px; vertical-align: top; border-style: none none solid; width: 20.0598%; padding: 15px 0px !important;\" scope=\"row\"><strong><span style=\"color: #000000;\">Branche<\/span><\/strong><\/td>\n<td style=\"width: 40.9612%; height: 24px; vertical-align: top; border-style: none none solid; padding: 15px 0px 15px 10px !important;\" scope=\"row\"><span style=\"color: #000000;\">Wohlt\u00e4tigkeitsorganisation<\/span><\/td>\n<\/tr>\n<tr style=\"height: 24px;\">\n<td style=\"height: 24px; vertical-align: top; border-bottom-style: solid; width: 20.0598%; padding: 15px 0px !important;\" scope=\"row\"><strong><span style=\"color: #000000;\">Standort<\/span><\/strong><\/td>\n<td style=\"width: 40.9612%; height: 24px; vertical-align: top; border-bottom-style: solid; padding: 15px 0px 15px 10px !important;\" scope=\"row\"><span style=\"font-weight: 400;\">Amsterdam, Niederlande<\/span><\/td>\n<\/tr>\n<tr style=\"height: 24px;\">\n<td style=\"height: 24px; vertical-align: top; border-bottom-style: solid; width: 20.0598%; padding: 15px 0px !important;\" scope=\"row\"><strong><span style=\"color: #000000;\">Kunde seit<\/span><\/strong><\/td>\n<td style=\"width: 40.9612%; height: 24px; vertical-align: top; border-bottom-style: solid; padding: 15px 0px 15px 10px !important;\" scope=\"row\"><span style=\"color: #000000;\">2018<\/span><\/td>\n<\/tr>\n<tr style=\"height: 24px;\">\n<td style=\"height: 24px; vertical-align: top; border-bottom-style: solid; width: 20.0598%; padding: 15px 0px !important;\" scope=\"row\"><strong><span style=\"color: #000000;\">Mitarbeiter<\/span><\/strong><\/td>\n<td style=\"width: 40.9612%; height: 24px; vertical-align: top; border-bottom-style: solid; padding: 15px 0px 15px 10px !important;\" scope=\"row\"><span style=\"color: #000000;\">0-50<\/span><\/td>\n<\/tr>\n<tr style=\"height: 24px;\">\n<td style=\"vertical-align: top; height: 24px; border-bottom-style: solid; width: 20.0598%; padding: 15px 0px !important;\" scope=\"row\"><strong><span style=\"color: #000000;\">Mehr \u00fcber<br \/><\/span><\/strong><span style=\"color: #000000;\"><b>Aidsfonds<\/b><\/span><\/td>\n<td style=\"width: 40.9612%; vertical-align: top; height: 24px; border-bottom-style: solid; padding: 15px 0px 15px 10px !important;\" scope=\"row\"><a href=\"https:\/\/aidsfonds.org\/\" title=\"https:\/\/aidsfonds.org\/\" target=\"_blank\" rel=\"noopener\"><span style=\"text-decoration: underline;\"><span style=\"color: #000000; text-decoration: underline;\"><span style=\"line-height: 1.5em;\"><span style=\"line-height: 1.5em;\">aidsfonds.org<\/span><\/span><\/span><\/span><\/a><\/td>\n<\/tr>\n<\/tbody>\n<\/table>\n<p>&nbsp;<\/p>\n<p>[\/et_pb_text][\/et_pb_column][et_pb_column type=&#8220;3_5&#8243; _builder_version=&#8220;4.20.0&#8243; _module_preset=&#8220;default&#8220; custom_padding=&#8220;||||false|false&#8220; global_colors_info=&#8220;{}&#8220;][et_pb_text _builder_version=&#8220;4.20.0&#8243; _module_preset=&#8220;1ae11ba8-a75c-40a9-bebb-85c8f2a15812&#8243; header_font=&#8220;|600|||||||&#8220; header_text_align=&#8220;center&#8220; header_text_color=&#8220;#000000&#8243; header_line_height=&#8220;1.2em&#8220; header_2_font=&#8220;Montserrat|500|||||||&#8220; custom_margin=&#8220;||-1px||false|false&#8220; custom_padding=&#8220;||0px||false|false&#8220; global_colors_info=&#8220;{}&#8220;]<\/p>\n<h2 style=\"font-weight: 600; font-size: 42px !important; letter-spacing: 0px; line-height: 1.5em !important; text-align: left;\">Hintergrund<\/h2>\n<p>[\/et_pb_text][et_pb_text _builder_version=&#8220;4.20.0&#8243; _module_preset=&#8220;1ae11ba8-a75c-40a9-bebb-85c8f2a15812&#8243; text_font=&#8220;Open Sans||||||||&#8220; text_line_height=&#8220;1.6em&#8220; custom_padding=&#8220;||0px|||&#8220; global_colors_info=&#8220;{}&#8220;]Aidsfonds arbeitet unerm\u00fcdlich daran, eine Welt ohne AIDS zu erreichen. Sie glauben an einen kombinierten Ansatz f\u00fcr ein komplexes Problem. Um auf AIDS auf unterschiedliche Weise zu reagieren, sind sie sowohl eine Finanzierungsquelle als auch Entwickler eigener Projekte mit Geldern anderer Spender.   <\/p>\n<p>Aidsfonds wurde 1985 gegr\u00fcndet, hat seinen Sitz in den Niederlanden und ist eine anerkannte Wohlt\u00e4tigkeitsorganisation der niederl\u00e4ndischen Spendenaufsichtsbeh\u00f6rde (CBF).[\/et_pb_text][et_pb_text _builder_version=&#8220;4.20.0&#8243; _module_preset=&#8220;1ae11ba8-a75c-40a9-bebb-85c8f2a15812&#8243; header_font=&#8220;|600|||||||&#8220; header_text_align=&#8220;center&#8220; header_text_color=&#8220;#000000&#8243; header_line_height=&#8220;1.2em&#8220; header_2_font=&#8220;Montserrat|500|||||||&#8220; custom_margin=&#8220;||-1px||false|false&#8220; custom_padding=&#8220;||0px||false|false&#8220; global_colors_info=&#8220;{}&#8220;]<\/p>\n<h2 style=\"font-weight: 600; font-size: 42px !important; letter-spacing: 0px; line-height: 1.5em !important; text-align: left;\">\u00dcber das F\u00f6rdermittelprogramm<\/h2>\n<p>[\/et_pb_text][et_pb_text _builder_version=&#8220;4.20.0&#8243; _module_preset=&#8220;1ae11ba8-a75c-40a9-bebb-85c8f2a15812&#8243; text_font=&#8220;Open Sans||||||||&#8220; text_line_height=&#8220;1.6em&#8220; custom_padding=&#8220;||0px|||&#8220; global_colors_info=&#8220;{}&#8220;]<\/p>\n<p>Aidsfonds nutzt Good Grants, um Antr\u00e4ge f\u00fcr seine F\u00f6rderinitiativen einzuholen. Sie investieren in vielversprechende innovative Projekte und Methoden und teilen ihre Erkenntnisse mit einem breiteren Publikum, indem sie Berichte, Handb\u00fccher und Factsheets \u00fcber ihre Arbeit und die von ihnen entdeckten Fakten ver\u00f6ffentlichen. <\/p>\n<p>[\/et_pb_text][\/et_pb_column][\/et_pb_row][\/et_pb_section][et_pb_section fb_built=&#8220;1&#8243; _builder_version=&#8220;4.20.0&#8243; _module_preset=&#8220;default&#8220; custom_padding=&#8220;||3vw||false|false&#8220; global_colors_info=&#8220;{}&#8220;][et_pb_row _builder_version=&#8220;4.20.0&#8243; _module_preset=&#8220;default&#8220; custom_margin=&#8220;||||false|false&#8220; custom_padding=&#8220;||||false|false&#8220; global_colors_info=&#8220;{}&#8220;][et_pb_column type=&#8220;4_4&#8243; _builder_version=&#8220;4.19.4&#8243; _module_preset=&#8220;default&#8220; global_colors_info=&#8220;{}&#8220;][et_pb_text _builder_version=&#8220;4.20.0&#8243; _module_preset=&#8220;1ae11ba8-a75c-40a9-bebb-85c8f2a15812&#8243; header_font=&#8220;|600|||||||&#8220; header_text_align=&#8220;center&#8220; header_text_color=&#8220;#000000&#8243; header_line_height=&#8220;1.2em&#8220; header_2_font=&#8220;Montserrat|500|||||||&#8220; custom_margin=&#8220;||||false|false&#8220; custom_padding=&#8220;||||false|false&#8220; global_colors_info=&#8220;{}&#8220;]<\/p>\n<h2 style=\"text-align: center; font-weight: 600;\">Programmausforderungen vor Good Grants<\/h2>\n<p>[\/et_pb_text][\/et_pb_column][\/et_pb_row][et_pb_row column_structure=&#8220;2_5,3_5&#8243; _builder_version=&#8220;4.20.0&#8243; _module_preset=&#8220;default&#8220; locked=&#8220;off&#8220; global_colors_info=&#8220;{}&#8220;][et_pb_column type=&#8220;2_5&#8243; _builder_version=&#8220;4.20.0&#8243; _module_preset=&#8220;default&#8220; sticky_limit_bottom=&#8220;section&#8220; global_colors_info=&#8220;{}&#8220;][et_pb_image src=&#8220;https:\/\/goodgrants.com\/wp-content\/uploads\/2023\/03\/Asset-143.svg&#8220; title_text=&#8220;Anf\u00fchrungszeichen&#8220; show_bottom_space=&#8220;off&#8220; align_tablet=&#8220;&#8220; align_phone=&#8220;&#8220; align_last_edited=&#8220;on|phone&#8220; _builder_version=&#8220;4.20.0&#8243; _module_preset=&#8220;default&#8220; width=&#8220;7%&#8220; width_tablet=&#8220;7%&#8220; width_phone=&#8220;7%&#8220; width_last_edited=&#8220;on|desktop&#8220; module_alignment=&#8220;left&#8220; max_height=&#8220;30px&#8220; locked=&#8220;off&#8220; global_colors_info=&#8220;{}&#8220;][\/et_pb_image][et_pb_text _builder_version=&#8220;4.20.0&#8243; _module_preset=&#8220;1ae11ba8-a75c-40a9-bebb-85c8f2a15812&#8243; text_font=&#8220;Montserrat|500|||||||&#8220; text_font_size=&#8220;24px&#8220; custom_margin=&#8220;20px||||false|false&#8220; global_colors_info=&#8220;{}&#8220;]<\/p>\n<p><span style=\"font-weight: 400; line-height: 1.5em;\">\u201eIch w\u00fcrde Good Grants jedem empfehlen, der eine gute und einfach zu verwaltende F\u00f6rdermittelplattform sucht&#8230;\u201c<\/span><\/p>\n<p>[\/et_pb_text][\/et_pb_column][et_pb_column type=&#8220;3_5&#8243; _builder_version=&#8220;4.20.0&#8243; _module_preset=&#8220;default&#8220; sticky_limit_bottom=&#8220;section&#8220; global_colors_info=&#8220;{}&#8220;][et_pb_text _builder_version=&#8220;4.20.0&#8243; _module_preset=&#8220;1ae11ba8-a75c-40a9-bebb-85c8f2a15812&#8243; text_font=&#8220;Open Sans||||||||&#8220; text_line_height=&#8220;1.6em&#8220; custom_padding=&#8220;||0px|||&#8220; global_colors_info=&#8220;{}&#8220;]<\/p>\n<p>Vor der Verwendung von Good Grants verwendete Aidsfonds einen veralteten Softwareanbieter, der ihre Sicherheits- und Datenschutzanforderungen nicht erf\u00fcllte.<\/p>\n<p>\u201eDieses Programm war veraltet, die Benutzeroberfl\u00e4che war nicht sehr ansprechend, die Funktionalit\u00e4ten, die wir f\u00fcr unsere Arbeit ben\u00f6tigten, waren nicht alle verf\u00fcgbar, und, was sehr wichtig ist, das System war nicht GDPR-konform\u201c, sagte Sophie van der Erve, Managerin des F\u00f6rdermittelprogramms von Aidsfonds.<\/p>\n<p>[\/et_pb_text][\/et_pb_column][\/et_pb_row][et_pb_row _builder_version=&#8220;4.20.0&#8243; _module_preset=&#8220;default&#8220; custom_margin=&#8220;||||false|false&#8220; custom_padding=&#8220;||||false|false&#8220; global_colors_info=&#8220;{}&#8220;][et_pb_column type=&#8220;4_4&#8243; _builder_version=&#8220;4.19.4&#8243; _module_preset=&#8220;default&#8220; global_colors_info=&#8220;{}&#8220;][et_pb_text _builder_version=&#8220;4.20.0&#8243; _module_preset=&#8220;1ae11ba8-a75c-40a9-bebb-85c8f2a15812&#8243; header_font=&#8220;|600|||||||&#8220; header_text_align=&#8220;center&#8220; header_text_color=&#8220;#000000&#8243; header_line_height=&#8220;1.2em&#8220; header_2_font=&#8220;Montserrat|500|||||||&#8220; custom_margin=&#8220;||||false|false&#8220; custom_padding=&#8220;||||false|false&#8220; global_colors_info=&#8220;{}&#8220;]<\/p>\n<h2 style=\"text-align: center; font-weight: 600;\">Die Wahl von Good Grants<\/h2>\n<p>[\/et_pb_text][\/et_pb_column][\/et_pb_row][et_pb_row column_structure=&#8220;2_5,3_5&#8243; use_custom_gutter=&#8220;on&#8220; make_equal=&#8220;on&#8220; _builder_version=&#8220;4.20.0&#8243; _module_preset=&#8220;default&#8220; custom_css_main_element=&#8220;align: middle;&#8220; locked=&#8220;off&#8220; global_colors_info=&#8220;{}&#8220;][et_pb_column type=&#8220;2_5&#8243; _builder_version=&#8220;4.16&#8243; _module_preset=&#8220;default&#8220; global_colors_info=&#8220;{}&#8220;][et_pb_image src=&#8220;https:\/\/goodgrants.com\/wp-content\/uploads\/2023\/03\/Screenshot-2023-03-02-at-11.42.18.png&#8220; alt=&#8220;jinnYouity-Anmeldeseite \u00fcber Good Grants&#8220; title_text=&#8220;Aidsfonds-Programmanmeldeseite&#8220; _builder_version=&#8220;4.20.0&#8243; _module_preset=&#8220;default&#8220; border_width_all=&#8220;1px&#8220; global_colors_info=&#8220;{}&#8220;][\/et_pb_image][\/et_pb_column][et_pb_column type=&#8220;3_5&#8243; _builder_version=&#8220;4.16&#8243; _module_preset=&#8220;default&#8220; global_colors_info=&#8220;{}&#8220;][et_pb_image src=&#8220;https:\/\/goodgrants.com\/wp-content\/uploads\/2023\/03\/Asset-143.svg&#8220; title_text=&#8220;Anf\u00fchrungszeichen&#8220; show_bottom_space=&#8220;off&#8220; align_tablet=&#8220;&#8220; align_phone=&#8220;&#8220; align_last_edited=&#8220;on|phone&#8220; _builder_version=&#8220;4.20.0&#8243; _module_preset=&#8220;default&#8220; width=&#8220;7%&#8220; width_tablet=&#8220;7%&#8220; width_phone=&#8220;7%&#8220; width_last_edited=&#8220;on|desktop&#8220; module_alignment=&#8220;left&#8220; max_height=&#8220;30px&#8220; locked=&#8220;off&#8220; global_colors_info=&#8220;{}&#8220;][\/et_pb_image][et_pb_text _builder_version=&#8220;4.20.0&#8243; _module_preset=&#8220;1ae11ba8-a75c-40a9-bebb-85c8f2a15812&#8243; text_font=&#8220;Montserrat|500|||||||&#8220; text_font_size=&#8220;24px&#8220; custom_margin=&#8220;20px||||false|false&#8220; custom_padding=&#8220;||20px||false|false&#8220; global_colors_info=&#8220;{}&#8220;]<\/p>\n<p><span style=\"font-weight: 400; line-height: 1.5em;\">Zuerst wollten wir eine GDPR-konforme Plattform finden.&#8220;<\/span><\/p>\n<p>[\/et_pb_text][et_pb_text _builder_version=&#8220;4.20.4&#8243; _module_preset=&#8220;1ae11ba8-a75c-40a9-bebb-85c8f2a15812&#8243; text_font=&#8220;Open Sans||||||||&#8220; text_line_height=&#8220;1.6em&#8220; global_colors_info=&#8220;{}&#8220;]<\/p>\n<p><span>\u201eZuerst wollten wir eine GDPR-konforme Plattform finden. Good Grants erwies sich als eine der wenigen F\u00f6rdermittelmanagement-Plattformen mit dieser Konformit\u00e4t\u201c, sagte van der Erve. <\/span><\/p>\n<p><span>\u201eLetztendlich war es eine Kombination aus den verf\u00fcgbaren Funktionalit\u00e4ten (am wichtigsten), der Benutzeroberfl\u00e4che, dem Preis und dem Kundenservice (ein gro\u00dfes Plus, sie sind sehr gut darin), die uns dazu bewogen hat, Good Grants gegen\u00fcber den anderen Optionen zu w\u00e4hlen.&#8220;<\/span><\/p>\n<p>[\/et_pb_text][\/et_pb_column][\/et_pb_row][et_pb_row column_structure=&#8220;1_2,1_2&#8243; _builder_version=&#8220;4.20.0&#8243; _module_preset=&#8220;default&#8220; locked=&#8220;off&#8220; global_colors_info=&#8220;{}&#8220;][et_pb_column type=&#8220;1_2&#8243; _builder_version=&#8220;4.20.0&#8243; _module_preset=&#8220;default&#8220; sticky_limit_bottom=&#8220;section&#8220; global_colors_info=&#8220;{}&#8220;][et_pb_text _builder_version=&#8220;4.20.0&#8243; _module_preset=&#8220;1ae11ba8-a75c-40a9-bebb-85c8f2a15812&#8243; header_font=&#8220;|600|||||||&#8220; header_text_align=&#8220;center&#8220; header_text_color=&#8220;#000000&#8243; header_line_height=&#8220;1.2em&#8220; header_2_font=&#8220;Montserrat|500|||||||&#8220; custom_margin=&#8220;||||false|false&#8220; custom_padding=&#8220;||||false|false&#8220; global_colors_info=&#8220;{}&#8220;]<\/p>\n<h2 style=\"font-weight: 600; font-size: 42px !important; letter-spacing: 0px; line-height: 1.5em !important; text-align: left;\">Lieblingsfunktionen<\/h2>\n<p>[\/et_pb_text][et_pb_text _builder_version=&#8220;4.20.0&#8243; _module_preset=&#8220;1ae11ba8-a75c-40a9-bebb-85c8f2a15812&#8243; text_font=&#8220;Open Sans||||||||&#8220; text_line_height=&#8220;1.6em&#8220; custom_padding=&#8220;||0px|||&#8220; global_colors_info=&#8220;{}&#8220;]<\/p>\n<p><span style=\"font-weight: 400;\">Mehrere Sprachen, Antragsformulare, \u00dcberpr\u00fcfungsablauf und die qualifizierenden und bewertenden \u00dcberpr\u00fcfungsmodi.<\/span><\/p>\n<p>[\/et_pb_text][\/et_pb_column][et_pb_column type=&#8220;1_2&#8243; _builder_version=&#8220;4.20.0&#8243; _module_preset=&#8220;default&#8220; sticky_limit_bottom=&#8220;section&#8220; global_colors_info=&#8220;{}&#8220;][et_pb_text _builder_version=&#8220;4.20.0&#8243; _module_preset=&#8220;1ae11ba8-a75c-40a9-bebb-85c8f2a15812&#8243; header_font=&#8220;|600|||||||&#8220; header_text_align=&#8220;center&#8220; header_text_color=&#8220;#000000&#8243; header_line_height=&#8220;1.2em&#8220; header_2_font=&#8220;Montserrat|500|||||||&#8220; custom_margin=&#8220;||||false|false&#8220; custom_padding=&#8220;||||false|false&#8220; global_colors_info=&#8220;{}&#8220;]<\/p>\n<h2 style=\"font-weight: 600; font-size: 42px !important; letter-spacing: 0px; line-height: 1.5em !important; text-align: left;\">Tipps f\u00fcr andere<\/h2>\n<p>[\/et_pb_text][et_pb_text _builder_version=&#8220;4.20.0&#8243; _module_preset=&#8220;1ae11ba8-a75c-40a9-bebb-85c8f2a15812&#8243; text_font=&#8220;Open Sans||||||||&#8220; text_line_height=&#8220;1.6em&#8220; custom_padding=&#8220;||0px|||&#8220; global_colors_info=&#8220;{}&#8220;]<\/p>\n<p><span>\u201eIch w\u00fcrde Good Grants jedem empfehlen, der eine gute und einfach zu verwaltende F\u00f6rdermittelplattform sucht\u201c, sagte van der Erve. \u201eF\u00fcr mehrstufige Arten von F\u00f6rdermitteln wie unsere, zum Beispiel mit einer Antragsrunde und mehreren \u00dcberpr\u00fcfungsrunden, hat sich Good Grants als sehr geeignet erwiesen.\u201c  <\/span><\/p>\n<p><span>\u201eWas ich auch sehr sch\u00e4tze, ist, dass jeder Rat\/jede Anfrage von uns als Kunde vom Good Grants-Team geh\u00f6rt und begr\u00fc\u00dft wird. Sie versuchen immer, die Plattform zu verbessern und bitten uns um Input, um herauszufinden, ob es etwas Besonderes gibt, das wir gerne sehen oder anders verwenden w\u00fcrden. Das Team steht jederzeit zur Verf\u00fcgung, um Fragen zu beantworten und bei Schwierigkeiten oder Problemen zu helfen, auf die wir sto\u00dfen. Alles in allem sind wir sehr zufrieden mit unserer Wahl.\u201c<\/span><\/p>\n<p>[\/et_pb_text][et_pb_text _builder_version=&#8220;4.20.4&#8243; _module_preset=&#8220;1ae11ba8-a75c-40a9-bebb-85c8f2a15812&#8243; text_font=&#8220;Open Sans||||||||&#8220; text_line_height=&#8220;1.6em&#8220; custom_margin=&#8220;||||false|false&#8220; global_colors_info=&#8220;{}&#8220;]<\/p>\n<p><strong>Sophie van der Erve, Aidsfonds<\/strong><strong><\/strong><\/p>\n<p>[\/et_pb_text][et_pb_button button_url=&#8220;https:\/\/goodgrants.com\/de\/erfahrungsberichte\/&#8220; button_text=&#8220;Zur\u00fcck zu allen Erfahrungsberichten&#8220; button_alignment=&#8220;left&#8220; _builder_version=&#8220;4.20.4&#8243; _module_preset=&#8220;87dbe88f-f243-4d51-9a43-c5cc81d7808c&#8220; custom_button=&#8220;on&#8220; button_text_size=&#8220;18px&#8220; button_text_color=&#8220;#000000&#8243; button_bg_color=&#8220;RGBA(255,255,255,0)&#8220; button_border_color=&#8220;RGBA(255,255,255,0)&#8220; button_border_radius=&#8220;0px&#8220; button_font=&#8220;Open Sans||||||||&#8220; button_icon=&#8220;&#xe03b;||divi||400&#8243; button_icon_color=&#8220;#00D08E&#8220; button_icon_placement=&#8220;left&#8220; background_layout=&#8220;dark&#8220; custom_margin=&#8220;||||false|false&#8220; custom_padding=&#8220;|||20px|false|false&#8220; locked=&#8220;off&#8220; global_colors_info=&#8220;{}&#8220;][\/et_pb_button][\/et_pb_column][\/et_pb_row][\/et_pb_section]<\/p>\n","protected":false},"excerpt":{"rendered":"<p><div class=\"et_pb_module dipi_breadcrumbs dipi_breadcrumbs_0\">\n\t\t\t\t\n\t\t\t\t\n\t\t\t\t\n\t\t\t\t\n\t\t\t\t\n\t\t\t\t\n\t\t\t\t<div class=\"et_pb_module_inner\">\n\t\t\t\t\t<div class=\"dipi-breadcrumbs dipi-bc-left\">\n                <ul >\n                    \n                                                        <li  class=\"dipi-breadcrumb-item dipi-breadcrumb-home\">\n\n                        \n                            <a  href=\"https:\/\/goodgrants.com\/de\/\">\n                                <span  content=\"Home\">\n                                                                        Startseite                                <\/span>\n                            <\/a>\n\n                                                <meta itemprop=\"position\" content=\"1\"\/>                    <\/li>\n\n                    <li class=\"dipi-breadcrumb-separator\">\n                    <span class=\"et-pb-icon dipi-separator-icon\">&#xf105;<\/span>\n                <\/li>                            \n                <\/ul>\n            <\/div>\n\t\t\t\t<\/div>\n\t\t\t<\/div>Good Grants bietet Aidsfonds Sicherheit und Funktionalit\u00e4t, um die Mission einer Welt ohne AIDS zu unterst\u00fctzen Branche Wohlt\u00e4tigkeitsorganisation Standort Amsterdam, Niederlande Kunde seit 2018 Mitarbeiter 0-50 Mehr \u00fcberAidsfonds aidsfonds.org &nbsp;HintergrundAidsfonds arbeitet unerm\u00fcdlich daran, eine Welt ohne AIDS zu erreichen. Sie glauben an einen kombinierten Ansatz f\u00fcr ein komplexes Problem. Um auf AIDS auf unterschiedliche Weise zu reagieren, sind sie sowohl eine Finanzierungsquelle als auch Entwickler eigener Projekte mit Geldern anderer Spender. Aidsfonds wurde 1985 gegr\u00fcndet, hat seinen Sitz in den Niederlanden und ist eine anerkannte Wohlt\u00e4tigkeitsorganisation der niederl\u00e4ndischen Spendenaufsichtsbeh\u00f6rde (CBF).\u00dcber das F\u00f6rdermittelprogrammAidsfonds nutzt Good Grants, um Antr\u00e4ge f\u00fcr seine F\u00f6rderinitiativen einzuholen. Sie investieren in vielversprechende innovative Projekte und Methoden und teilen ihre Erkenntnisse mit einem breiteren Publikum, indem sie Berichte, Handb\u00fccher und Factsheets \u00fcber ihre Arbeit und die von ihnen entdeckten Fakten ver\u00f6ffentlichen. Programmausforderungen vor Good Grants\u201eIch w\u00fcrde Good Grants jedem empfehlen, der eine gute und einfach zu verwaltende F\u00f6rdermittelplattform sucht&#8230;\u201cVor der Verwendung von Good Grants verwendete Aidsfonds einen veralteten Softwareanbieter, der ihre Sicherheits- und Datenschutzanforderungen nicht erf\u00fcllte. \u201eDieses Programm war veraltet, die Benutzeroberfl\u00e4che war nicht sehr ansprechend, [&hellip;]<\/p>\n","protected":false},"author":1,"featured_media":16259586,"parent":16261864,"menu_order":0,"comment_status":"closed","ping_status":"closed","template":"","meta":{"_acf_changed":false,"_et_pb_use_builder":"on","_et_pb_old_content":"","_et_gb_content_width":"","footnotes":""},"dipi_cpt_category":[],"class_list":["post-16262125","page","type-page","status-publish","has-post-thumbnail","hentry"],"acf":[],"_links":{"self":[{"href":"https:\/\/goodgrants.com\/de\/wp-json\/wp\/v2\/pages\/16262125","targetHints":{"allow":["GET"]}}],"collection":[{"href":"https:\/\/goodgrants.com\/de\/wp-json\/wp\/v2\/pages"}],"about":[{"href":"https:\/\/goodgrants.com\/de\/wp-json\/wp\/v2\/types\/page"}],"author":[{"embeddable":true,"href":"https:\/\/goodgrants.com\/de\/wp-json\/wp\/v2\/users\/1"}],"replies":[{"embeddable":true,"href":"https:\/\/goodgrants.com\/de\/wp-json\/wp\/v2\/comments?post=16262125"}],"version-history":[{"count":5,"href":"https:\/\/goodgrants.com\/de\/wp-json\/wp\/v2\/pages\/16262125\/revisions"}],"predecessor-version":[{"id":16262299,"href":"https:\/\/goodgrants.com\/de\/wp-json\/wp\/v2\/pages\/16262125\/revisions\/16262299"}],"up":[{"embeddable":true,"href":"https:\/\/goodgrants.com\/de\/wp-json\/wp\/v2\/pages\/16261864"}],"wp:featuredmedia":[{"embeddable":true,"href":"https:\/\/goodgrants.com\/de\/wp-json\/wp\/v2\/media\/16259586"}],"wp:attachment":[{"href":"https:\/\/goodgrants.com\/de\/wp-json\/wp\/v2\/media?parent=16262125"}],"wp:term":[{"taxonomy":"dipi_cpt_category","embeddable":true,"href":"https:\/\/goodgrants.com\/de\/wp-json\/wp\/v2\/dipi_cpt_category?post=16262125"}],"curies":[{"name":"wp","href":"https:\/\/api.w.org\/{rel}","templated":true}]}}