{"id":16262124,"date":"2020-05-19T23:56:16","date_gmt":"2020-05-19T23:56:16","guid":{"rendered":"https:\/\/goodgrants.com\/erfahrungsberichte\/queens-commonwealth-trust-gelder\/"},"modified":"2025-10-22T13:37:42","modified_gmt":"2025-10-22T13:37:42","slug":"queens-commonwealth-trust-gelder","status":"publish","type":"page","link":"https:\/\/goodgrants.com\/de\/erfahrungsberichte\/queens-commonwealth-trust-gelder\/","title":{"rendered":"Queen&#8217;s Commonwealth Trust-Gelder"},"content":{"rendered":"<p>[et_pb_section fb_built=&#8220;1&#8243; _builder_version=&#8220;4.19.4&#8243; _module_preset=&#8220;default&#8220; background_color=&#8220;RGBA(255,255,255,0)&#8220; background_enable_image=&#8220;off&#8220; custom_padding=&#8220;2vw||4vw||false|false&#8220; global_colors_info=&#8220;{}&#8220;][et_pb_row use_custom_gutter=&#8220;on&#8220; _builder_version=&#8220;4.20.0&#8243; _module_preset=&#8220;default&#8220; custom_margin=&#8220;||||false|false&#8220; custom_padding=&#8220;||||false|false&#8220; global_colors_info=&#8220;{}&#8220;][et_pb_column type=&#8220;4_4&#8243; _builder_version=&#8220;4.19.4&#8243; _module_preset=&#8220;default&#8220; custom_padding=&#8220;|20px|||false|false&#8220; global_colors_info=&#8220;{}&#8220;][dipi_breadcrumbs bc_custom_home=&#8220;on&#8220; bc_home_text=&#8220;Startseite&#8220; bc_home_url=&#8220;https:\/\/goodgrants.com\/de\/&#8220; bc_home_icon=&#8220;off&#8220; bc_separator_icon=&#8220;&#xf105;||fa||900&#8243; bc_separator_size=&#8220;18px&#8220; bc_separator_color=&#8220;#000000&#8243; bc_item_bg_color=&#8220;RGBA(255,255,255,0)&#8220; bc_active_item_color=&#8220;RGBA(255,255,255,0)&#8220; bc_active_item_padding=&#8220;||||false|false&#8220; _builder_version=&#8220;4.21.0&#8243; _module_preset=&#8220;default&#8220; items_font=&#8220;Montserrat|600|||||||&#8220; items_text_color=&#8220;#000000&#8243; items_font_size=&#8220;18px&#8220; hover_font=&#8220;||||on||||&#8220; active_font=&#8220;|700|||on|||#5A37D4|&#8220; active_text_color=&#8220;#5A37D4&#8243; custom_margin=&#8220;||-5px|-10px|false|false&#8220; custom_padding=&#8220;||||false|false&#8220; locked=&#8220;off&#8220; global_colors_info=&#8220;{}&#8220;][\/dipi_breadcrumbs][et_pb_text _builder_version=&#8220;4.21.0&#8243; _module_preset=&#8220;33246274-c458-4799-85ee-006e8ddf9795&#8243; header_font=&#8220;|600|||||||&#8220; header_text_color=&#8220;#FFFFFF&#8220; header_line_height=&#8220;1.2em&#8220; custom_margin=&#8220;||10px||false|false&#8220; custom_padding=&#8220;||||false|false&#8220; locked=&#8220;off&#8220; global_colors_info=&#8220;{}&#8220;]<\/p>\n<h1 id=\"main\" style=\"color: #000000; text-align: left; line-height: 1.2em;\"><span style=\"color: #000000;\">The Queen\u2019s Commonwealth Trust verwendet Good Grants, um seinen Antragsprozess f\u00fcr COVID-19-Notfallstipendien zu verwalten<\/span><\/h1>\n<p>[\/et_pb_text][\/et_pb_column][\/et_pb_row][\/et_pb_section][et_pb_section fb_built=&#8220;1&#8243; _builder_version=&#8220;4.20.0&#8243; _module_preset=&#8220;default&#8220; custom_padding=&#8220;||2vw||false|false&#8220; global_colors_info=&#8220;{}&#8220;][et_pb_row column_structure=&#8220;2_5,3_5&#8243; use_custom_gutter=&#8220;on&#8220; gutter_width=&#8220;3&#8243; make_equal=&#8220;on&#8220; _builder_version=&#8220;4.20.0&#8243; _module_preset=&#8220;default&#8220; locked=&#8220;off&#8220; global_colors_info=&#8220;{}&#8220;][et_pb_column type=&#8220;2_5&#8243; _builder_version=&#8220;4.20.0&#8243; _module_preset=&#8220;default&#8220; sticky_limit_bottom=&#8220;section&#8220; global_colors_info=&#8220;{}&#8220;][et_pb_image src=&#8220;https:\/\/goodgrants.com\/wp-content\/uploads\/2023\/02\/Asset-119.png&#8220; alt=&#8220;jinnYouity-Logo&#8220; title_text=&#8220;Queen&#8217;s Commonwealth Trust&#8220; show_bottom_space=&#8220;off&#8220; _builder_version=&#8220;4.20.0&#8243; _module_preset=&#8220;default&#8220; width=&#8220;100%&#8220; custom_margin=&#8220;||10px||false|false&#8220; global_colors_info=&#8220;{}&#8220;][\/et_pb_image][et_pb_text _builder_version=&#8220;4.20.4&#8243; _module_preset=&#8220;33246274-c458-4799-85ee-006e8ddf9795&#8243; global_colors_info=&#8220;{}&#8220;]<\/p>\n<table border=\"0\" style=\"height: 356px; width: 98.4971%; border-style: none;\">\n<tbody>\n<tr style=\"height: 24px;\">\n<td style=\"height: 24px; vertical-align: top; border-style: none none solid; width: 58.018%; padding: 15px 0px !important;\" scope=\"row\"><strong><span style=\"color: #000000;\">Branche<\/span><\/strong><\/td>\n<td style=\"width: 3.003%; height: 24px; vertical-align: top; border-style: none none solid; padding: 15px 0px 15px 10px !important;\" scope=\"row\"><span style=\"color: #000000;\">Wohlt\u00e4tigkeitsorganisation<\/span><\/td>\n<\/tr>\n<tr style=\"height: 24px;\">\n<td style=\"height: 24px; vertical-align: top; border-bottom-style: solid; width: 58.018%; padding: 15px 0px !important;\" scope=\"row\"><strong><span style=\"color: #000000;\">Standort<\/span><\/strong><\/td>\n<td style=\"width: 3.003%; height: 24px; vertical-align: top; border-bottom-style: solid; padding: 15px 0px 15px 10px !important;\" scope=\"row\"><span style=\"color: #000000;\">London, England<\/span><\/td>\n<\/tr>\n<tr style=\"height: 24px;\">\n<td style=\"height: 24px; vertical-align: top; border-bottom-style: solid; width: 58.018%; padding: 15px 0px !important;\" scope=\"row\"><strong><span style=\"color: #000000;\">Kunde seit<\/span><\/strong><\/td>\n<td style=\"width: 3.003%; height: 24px; vertical-align: top; border-bottom-style: solid; padding: 15px 0px 15px 10px !important;\" scope=\"row\"><span style=\"color: #000000;\">2019<\/span><\/td>\n<\/tr>\n<tr style=\"height: 24px;\">\n<td style=\"height: 24px; vertical-align: top; border-bottom-style: solid; width: 58.018%; padding: 15px 0px !important;\" scope=\"row\"><strong><span style=\"color: #000000;\">Mitarbeiter<\/span><\/strong><\/td>\n<td style=\"width: 3.003%; height: 24px; vertical-align: top; border-bottom-style: solid; padding: 15px 0px 15px 10px !important;\" scope=\"row\"><span style=\"color: #000000;\">0-50<\/span><\/td>\n<\/tr>\n<tr style=\"height: 24px;\">\n<td style=\"vertical-align: top; height: 24px; border-bottom-style: solid; width: 58.018%; padding: 15px 0px !important;\" scope=\"row\"><strong><span style=\"color: #000000;\">Mehr \u00fcber<br \/><\/span><\/strong><strong><span style=\"color: #000000;\">QC<\/span><\/strong><strong><span style=\"color: #000000;\">T<\/span><\/strong><\/td>\n<td style=\"width: 3.003%; vertical-align: top; height: 24px; border-bottom-style: solid; padding: 15px 0px 15px 10px !important;\" scope=\"row\"><a href=\"https:\/\/queenscommonwealthtrust.org\/\" target=\"_blank\" rel=\"noopener\"><span style=\"text-decoration: underline;\"><span style=\"color: #000000; text-decoration: underline;\"><span style=\"line-height: 1.5em;\"><span style=\"line-height: 1.5em;\">queenscommonwealthtrust.org<\/span><\/span><\/span><\/span><\/a><\/td>\n<\/tr>\n<\/tbody>\n<\/table>\n<p>[\/et_pb_text][\/et_pb_column][et_pb_column type=&#8220;3_5&#8243; _builder_version=&#8220;4.20.0&#8243; _module_preset=&#8220;default&#8220; custom_padding=&#8220;||||false|false&#8220; global_colors_info=&#8220;{}&#8220;][et_pb_text _builder_version=&#8220;4.20.0&#8243; _module_preset=&#8220;33246274-c458-4799-85ee-006e8ddf9795&#8243; header_font=&#8220;|600|||||||&#8220; header_text_align=&#8220;center&#8220; header_text_color=&#8220;#000000&#8243; header_line_height=&#8220;1.2em&#8220; header_2_font=&#8220;Montserrat|500|||||||&#8220; custom_margin=&#8220;||-1px||false|false&#8220; custom_padding=&#8220;||0px||false|false&#8220; global_colors_info=&#8220;{}&#8220;]<\/p>\n<h2 style=\"font-weight: 600; font-size: 42px !important; letter-spacing: 0px; line-height: 1.5em !important; text-align: left;\">Programmhintergrund<\/h2>\n<p>[\/et_pb_text][et_pb_text _builder_version=&#8220;4.20.0&#8243; _module_preset=&#8220;33246274-c458-4799-85ee-006e8ddf9795&#8243; text_font=&#8220;Open Sans||||||||&#8220; text_line_height=&#8220;1.6em&#8220; custom_padding=&#8220;||0px|||&#8220; global_colors_info=&#8220;{}&#8220;]<\/p>\n<p><span>The Queen\u2019s Commonwealth Trust (QCT) f\u00f6rdert, finanziert und vernetzt junge F\u00fchrungskr\u00e4fte, die hart daran arbeiten, die Welt zu ver\u00e4ndern. Er repr\u00e4sentiert ein wachsendes Netzwerk junger Changemaker im gesamten Commonwealth. <\/span><\/p>\n<p><span>Eine Plattform, auf der intelligente Ideen und Erkenntnisse ausgetauscht werden, um zu zeigen, dass Ver\u00e4nderungen von jedem, \u00fcberall und mit der Vision einer Welt bewirkt werden k\u00f6nnen, in der junge Menschen gleichberechtigte Partner bei der Gestaltung von Ver\u00e4nderungen sind.<\/span><\/p>\n<p>[\/et_pb_text][et_pb_image src=&#8220;https:\/\/goodgrants.com\/wp-content\/uploads\/2023\/03\/Asset-143.svg&#8220; title_text=&#8220;Anf\u00fchrungszeichen&#8220; show_bottom_space=&#8220;off&#8220; align_tablet=&#8220;&#8220; align_phone=&#8220;&#8220; align_last_edited=&#8220;on|phone&#8220; _builder_version=&#8220;4.20.0&#8243; _module_preset=&#8220;default&#8220; width=&#8220;7%&#8220; width_tablet=&#8220;7%&#8220; width_phone=&#8220;7%&#8220; width_last_edited=&#8220;on|desktop&#8220; module_alignment=&#8220;left&#8220; max_height=&#8220;30px&#8220; locked=&#8220;off&#8220; global_colors_info=&#8220;{}&#8220;][\/et_pb_image][et_pb_text _builder_version=&#8220;4.20.0&#8243; _module_preset=&#8220;33246274-c458-4799-85ee-006e8ddf9795&#8243; text_font=&#8220;Montserrat|500|||||||&#8220; text_font_size=&#8220;24px&#8220; custom_margin=&#8220;20px||||false|false&#8220; custom_padding=&#8220;||20px||false|false&#8220; global_colors_info=&#8220;{}&#8220;]<\/p>\n<p><span style=\"font-weight: 400; line-height: 1.5em;\">Good Grants ist \u00e4u\u00dferst benutzerfreundlich und interaktiv.&#8220;<\/span><\/p>\n<p>[\/et_pb_text][\/et_pb_column][\/et_pb_row][\/et_pb_section][et_pb_section fb_built=&#8220;1&#8243; _builder_version=&#8220;4.20.0&#8243; _module_preset=&#8220;default&#8220; custom_padding=&#8220;||3vw||false|false&#8220; global_colors_info=&#8220;{}&#8220;][et_pb_row _builder_version=&#8220;4.20.0&#8243; _module_preset=&#8220;default&#8220; custom_margin=&#8220;||||false|false&#8220; custom_padding=&#8220;||0px||false|false&#8220; global_colors_info=&#8220;{}&#8220;][et_pb_column type=&#8220;4_4&#8243; _builder_version=&#8220;4.19.4&#8243; _module_preset=&#8220;default&#8220; global_colors_info=&#8220;{}&#8220;][et_pb_text _builder_version=&#8220;4.20.0&#8243; _module_preset=&#8220;33246274-c458-4799-85ee-006e8ddf9795&#8243; header_font=&#8220;|600|||||||&#8220; header_text_align=&#8220;center&#8220; header_text_color=&#8220;#000000&#8243; header_line_height=&#8220;1.2em&#8220; header_2_font=&#8220;Montserrat|500|||||||&#8220; custom_margin=&#8220;||||false|false&#8220; custom_padding=&#8220;||||false|false&#8220; global_colors_info=&#8220;{}&#8220;]<\/p>\n<h2 style=\"text-align: center; font-weight: 600;\">Programmherausforderungen vor Good Grants<br \/>\n<\/h2>\n<p>[\/et_pb_text][\/et_pb_column][\/et_pb_row][et_pb_row column_structure=&#8220;2_5,3_5&#8243; _builder_version=&#8220;4.20.0&#8243; _module_preset=&#8220;default&#8220; locked=&#8220;off&#8220; global_colors_info=&#8220;{}&#8220;][et_pb_column type=&#8220;2_5&#8243; _builder_version=&#8220;4.20.0&#8243; _module_preset=&#8220;default&#8220; sticky_limit_bottom=&#8220;section&#8220; global_colors_info=&#8220;{}&#8220;][et_pb_image src=&#8220;https:\/\/goodgrants.com\/wp-content\/uploads\/2023\/03\/Asset-143.svg&#8220; title_text=&#8220;Anf\u00fchrungszeichen&#8220; show_bottom_space=&#8220;off&#8220; align_tablet=&#8220;&#8220; align_phone=&#8220;&#8220; align_last_edited=&#8220;on|phone&#8220; _builder_version=&#8220;4.20.0&#8243; _module_preset=&#8220;default&#8220; width=&#8220;7%&#8220; width_tablet=&#8220;7%&#8220; width_phone=&#8220;7%&#8220; width_last_edited=&#8220;on|desktop&#8220; module_alignment=&#8220;left&#8220; max_height=&#8220;30px&#8220; locked=&#8220;off&#8220; global_colors_info=&#8220;{}&#8220;][\/et_pb_image][et_pb_text _builder_version=&#8220;4.20.0&#8243; _module_preset=&#8220;33246274-c458-4799-85ee-006e8ddf9795&#8243; text_font=&#8220;Montserrat|500|||||||&#8220; text_font_size=&#8220;24px&#8220; custom_margin=&#8220;20px||||false|false&#8220; global_colors_info=&#8220;{}&#8220;]<\/p>\n<p><span style=\"font-weight: 400; line-height: 1.5em;\">Wir hatten Schwierigkeiten, Informationen offline zu halten&#8230;&#8220;<\/span><\/p>\n<p>[\/et_pb_text][\/et_pb_column][et_pb_column type=&#8220;3_5&#8243; _builder_version=&#8220;4.20.0&#8243; _module_preset=&#8220;default&#8220; sticky_limit_bottom=&#8220;section&#8220; global_colors_info=&#8220;{}&#8220;][et_pb_text _builder_version=&#8220;4.20.0&#8243; _module_preset=&#8220;33246274-c458-4799-85ee-006e8ddf9795&#8243; text_font=&#8220;Open Sans||||||||&#8220; text_line_height=&#8220;1.6em&#8220; custom_padding=&#8220;||0px|||&#8220; global_colors_info=&#8220;{}&#8220;]Vor der Nutzung von Good Grants verwaltete QCT seine Stipendienprogramme manuell per E-Mail. <\/span><\/p>\n<p>\u201eWir hatten Schwierigkeiten, Informationen offline zu halten, zu archivieren und die administrativen Anforderungen zu erf\u00fcllen\u201c, sagte Victoria Napier, Grants and Business Support Executive bei QCT.[\/et_pb_text][\/et_pb_column][\/et_pb_row][et_pb_row _builder_version=&#8220;4.20.0&#8243; _module_preset=&#8220;default&#8220; custom_margin=&#8220;||||false|false&#8220; custom_padding=&#8220;||||false|false&#8220; global_colors_info=&#8220;{}&#8220;][et_pb_column type=&#8220;4_4&#8243; _builder_version=&#8220;4.19.4&#8243; _module_preset=&#8220;default&#8220; global_colors_info=&#8220;{}&#8220;][et_pb_text _builder_version=&#8220;4.20.0&#8243; _module_preset=&#8220;33246274-c458-4799-85ee-006e8ddf9795&#8243; header_font=&#8220;|600|||||||&#8220; header_text_align=&#8220;center&#8220; header_text_color=&#8220;#000000&#8243; header_line_height=&#8220;1.2em&#8220; header_2_font=&#8220;Montserrat|500|||||||&#8220; custom_margin=&#8220;||||false|false&#8220; custom_padding=&#8220;||||false|false&#8220; global_colors_info=&#8220;{}&#8220;]<\/p>\n<h2 style=\"text-align: center; font-weight: 600;\">Die Good Grants-Wahl<\/h2>\n<p>[\/et_pb_text][\/et_pb_column][\/et_pb_row][et_pb_row column_structure=&#8220;2_5,3_5&#8243; use_custom_gutter=&#8220;on&#8220; make_equal=&#8220;on&#8220; _builder_version=&#8220;4.20.0&#8243; _module_preset=&#8220;default&#8220; custom_css_main_element=&#8220;align-items: center;&#8220; locked=&#8220;off&#8220; global_colors_info=&#8220;{}&#8220;][et_pb_column type=&#8220;2_5&#8243; _builder_version=&#8220;4.16&#8243; _module_preset=&#8220;default&#8220; global_colors_info=&#8220;{}&#8220;][et_pb_image src=&#8220;https:\/\/goodgrants.com\/wp-content\/uploads\/2023\/03\/Screenshot-2023-03-02-at-11.41.46.png&#8220; alt=&#8220;jinnYouity-Anmeldeseite \u00fcber Good Grants&#8220; title_text=&#8220;Queen&#8217;s Commonwealth Trust-Anmeldeseite&#8220; _builder_version=&#8220;4.20.0&#8243; _module_preset=&#8220;default&#8220; border_width_all=&#8220;1px&#8220; global_colors_info=&#8220;{}&#8220;][\/et_pb_image][\/et_pb_column][et_pb_column type=&#8220;3_5&#8243; _builder_version=&#8220;4.16&#8243; _module_preset=&#8220;default&#8220; global_colors_info=&#8220;{}&#8220;][et_pb_image src=&#8220;https:\/\/goodgrants.com\/wp-content\/uploads\/2023\/03\/Asset-143.svg&#8220; title_text=&#8220;Anf\u00fchrungszeichen&#8220; show_bottom_space=&#8220;off&#8220; align_tablet=&#8220;&#8220; align_phone=&#8220;&#8220; align_last_edited=&#8220;on|phone&#8220; _builder_version=&#8220;4.20.0&#8243; _module_preset=&#8220;default&#8220; width=&#8220;7%&#8220; width_tablet=&#8220;7%&#8220; width_phone=&#8220;7%&#8220; width_last_edited=&#8220;on|desktop&#8220; module_alignment=&#8220;left&#8220; max_height=&#8220;30px&#8220; locked=&#8220;off&#8220; global_colors_info=&#8220;{}&#8220;][\/et_pb_image][et_pb_text _builder_version=&#8220;4.20.0&#8243; _module_preset=&#8220;33246274-c458-4799-85ee-006e8ddf9795&#8243; text_font=&#8220;Montserrat|500|||||||&#8220; text_font_size=&#8220;24px&#8220; custom_margin=&#8220;20px||||false|false&#8220; custom_padding=&#8220;||20px||false|false&#8220; global_colors_info=&#8220;{}&#8220;]<\/p>\n<p><span style=\"font-weight: 400; line-height: 1.5em;\">Wir waren der Meinung, dass Good Grants ein gutes Preis-Leistungs-Verh\u00e4ltnis darstellt, und uns gefielen die Funktionalit\u00e4t, der Kundenservice rund um die Uhr und die Probezeit.&#8220;<\/span><\/p>\n<p>[\/et_pb_text][et_pb_text _builder_version=&#8220;4.20.0&#8243; _module_preset=&#8220;33246274-c458-4799-85ee-006e8ddf9795&#8243; text_font=&#8220;Open Sans||||||||&#8220; text_line_height=&#8220;1.6em&#8220; global_colors_info=&#8220;{}&#8220;]<\/p>\n<p>The Queen\u2019s Commonwealth Trust hat sich vor der Anmeldung mit den Funktionen von Good Grants befasst und war zuversichtlich, dass es alle organisatorischen Anforderungen erf\u00fcllt:<\/p>\n<p>\u201eWir waren der Meinung, dass Good Grants ein gutes Preis-Leistungs-Verh\u00e4ltnis darstellt, und uns gefielen die Funktionalit\u00e4t, der Kundenservice rund um die Uhr und die Probezeit. Wir sch\u00e4tzten auch die ausf\u00fchrliche Demo, die wir mit dem Good Grants-Team hatten\u201c, sagte Napier. <\/p>\n<p>[\/et_pb_text][\/et_pb_column][\/et_pb_row][et_pb_row column_structure=&#8220;1_2,1_2&#8243; use_custom_gutter=&#8220;on&#8220; _builder_version=&#8220;4.20.4&#8243; _module_preset=&#8220;default&#8220; locked=&#8220;off&#8220; global_colors_info=&#8220;{}&#8220;][et_pb_column type=&#8220;1_2&#8243; _builder_version=&#8220;4.20.0&#8243; _module_preset=&#8220;default&#8220; sticky_limit_bottom=&#8220;section&#8220; global_colors_info=&#8220;{}&#8220;][et_pb_text _builder_version=&#8220;4.20.0&#8243; _module_preset=&#8220;33246274-c458-4799-85ee-006e8ddf9795&#8243; header_font=&#8220;|600|||||||&#8220; header_text_align=&#8220;center&#8220; header_text_color=&#8220;#000000&#8243; header_line_height=&#8220;1.2em&#8220; header_2_font=&#8220;Montserrat|500|||||||&#8220; custom_margin=&#8220;||||false|false&#8220; custom_padding=&#8220;||||false|false&#8220; global_colors_info=&#8220;{}&#8220;]<\/p>\n<h2 style=\"font-weight: 600; font-size: 42px !important; letter-spacing: 0px; line-height: 1.5em !important; text-align: left;\">Lieblingsfunktionen<\/h2>\n<p>[\/et_pb_text][et_pb_text _builder_version=&#8220;4.27.4&#8243; _module_preset=&#8220;33246274-c458-4799-85ee-006e8ddf9795&#8243; text_font=&#8220;Open Sans||||||||&#8220; text_line_height=&#8220;1.6em&#8220; ul_font=&#8220;Open Sans||||||||&#8220; ul_font_size=&#8220;18px&#8220; ul_line_height=&#8220;1.1em&#8220; custom_margin=&#8220;||||false|false&#8220; custom_padding=&#8220;0px||0px||false|false&#8220; hover_enabled=&#8220;0&#8243; global_colors_info=&#8220;{}&#8220; sticky_enabled=&#8220;0&#8243;]<\/p>\n<p>Finanzierungsrunden, Kategorien, Felder, Registerkarten und Scoring-Review-Modus.<\/p>\n<p>&nbsp;<\/p>\n<p>[\/et_pb_text][\/et_pb_column][et_pb_column type=&#8220;1_2&#8243; _builder_version=&#8220;4.20.0&#8243; _module_preset=&#8220;default&#8220; sticky_limit_bottom=&#8220;section&#8220; global_colors_info=&#8220;{}&#8220;][et_pb_text _builder_version=&#8220;4.20.0&#8243; _module_preset=&#8220;33246274-c458-4799-85ee-006e8ddf9795&#8243; header_font=&#8220;|600|||||||&#8220; header_text_align=&#8220;center&#8220; header_text_color=&#8220;#000000&#8243; header_line_height=&#8220;1.2em&#8220; header_2_font=&#8220;Montserrat|500|||||||&#8220; custom_margin=&#8220;||||false|false&#8220; custom_padding=&#8220;||||false|false&#8220; global_colors_info=&#8220;{}&#8220;]<\/p>\n<h2 style=\"font-weight: 600; font-size: 42px !important; letter-spacing: 0px; line-height: 1.5em !important; text-align: left;\">Tipps f\u00fcr andere<\/h2>\n<p>[\/et_pb_text][et_pb_text _builder_version=&#8220;4.27.4&#8243; _module_preset=&#8220;33246274-c458-4799-85ee-006e8ddf9795&#8243; text_font=&#8220;Open Sans||||||||&#8220; text_line_height=&#8220;1.6em&#8220; custom_padding=&#8220;||0px|||&#8220; global_colors_info=&#8220;{}&#8220;]<\/p>\n<p>\u201eGood Grants ist \u00e4u\u00dferst benutzerfreundlich und interaktiv. Der Kundenservice ist ausgezeichnet, das Team ist jederzeit per E-Mail und Telefon erreichbar. Die Software bietet insgesamt ein sehr gutes Preis-Leistungs-Verh\u00e4ltnis und hat unsere F\u00e4higkeiten im F\u00f6rdermittelmanagement erheblich verbessert\u201c, sagte Napier.<\/p>\n<p>[\/et_pb_text][et_pb_text _builder_version=&#8220;4.27.4&#8243; _module_preset=&#8220;33246274-c458-4799-85ee-006e8ddf9795&#8243; text_font=&#8220;Open Sans||||||||&#8220; text_line_height=&#8220;1.6em&#8220; custom_margin=&#8220;||||false|false&#8220; global_colors_info=&#8220;{}&#8220;]<b>Victoria Napier, <\/b><b>Queen\u2019s Commonwealth Trust<\/b><span style=\"font-weight: 600; font-size: 18px; line-height: 1.5em; text-decoration: underline; color: #5a37d4;\"><\/span>[\/et_pb_text][et_pb_button button_url=&#8220;https:\/\/goodgrants.com\/de\/erfahrungsberichte\/&#8220; button_text=&#8220;Zur\u00fcck zu allen Erfahrungsberichten&#8220; button_alignment=&#8220;left&#8220; _builder_version=&#8220;4.20.4&#8243; _module_preset=&#8220;04e8d0ba-e323-4499-b483-05480e063a19&#8243; custom_button=&#8220;on&#8220; button_text_size=&#8220;18px&#8220; button_text_color=&#8220;#000000&#8243; button_bg_color=&#8220;RGBA(255,255,255,0)&#8220; button_border_color=&#8220;RGBA(255,255,255,0)&#8220; button_border_radius=&#8220;0px&#8220; button_font=&#8220;Open Sans||||||||&#8220; button_icon=&#8220;&#xe03b;||divi||400&#8243; button_icon_color=&#8220;#00D08E&#8220; button_icon_placement=&#8220;left&#8220; background_layout=&#8220;dark&#8220; custom_margin=&#8220;||||false|false&#8220; custom_padding=&#8220;|||20px|false|false&#8220; locked=&#8220;off&#8220; global_colors_info=&#8220;{}&#8220;][\/et_pb_button][\/et_pb_column][\/et_pb_row][\/et_pb_section]<\/p>\n","protected":false},"excerpt":{"rendered":"<p><div class=\"et_pb_module dipi_breadcrumbs dipi_breadcrumbs_0\">\n\t\t\t\t\n\t\t\t\t\n\t\t\t\t\n\t\t\t\t\n\t\t\t\t\n\t\t\t\t\n\t\t\t\t<div class=\"et_pb_module_inner\">\n\t\t\t\t\t<div class=\"dipi-breadcrumbs dipi-bc-left\">\n                <ul >\n                    \n                                                        <li  class=\"dipi-breadcrumb-item dipi-breadcrumb-home\">\n\n                        \n                            <a  href=\"https:\/\/goodgrants.com\/de\/\">\n                                <span  content=\"Home\">\n                                                                        Startseite                                <\/span>\n                            <\/a>\n\n                                                <meta itemprop=\"position\" content=\"1\"\/>                    <\/li>\n\n                    <li class=\"dipi-breadcrumb-separator\">\n                    <span class=\"et-pb-icon dipi-separator-icon\">&#xf105;<\/span>\n                <\/li>                            \n                <\/ul>\n            <\/div>\n\t\t\t\t<\/div>\n\t\t\t<\/div>The Queen\u2019s Commonwealth Trust verwendet Good Grants, um seinen Antragsprozess f\u00fcr COVID-19-Notfallstipendien zu verwalten Branche Wohlt\u00e4tigkeitsorganisation Standort London, England Kunde seit 2019 Mitarbeiter 0-50 Mehr \u00fcberQCT queenscommonwealthtrust.org ProgrammhintergrundThe Queen\u2019s Commonwealth Trust (QCT) f\u00f6rdert, finanziert und vernetzt junge F\u00fchrungskr\u00e4fte, die hart daran arbeiten, die Welt zu ver\u00e4ndern. Er repr\u00e4sentiert ein wachsendes Netzwerk junger Changemaker im gesamten Commonwealth. Eine Plattform, auf der intelligente Ideen und Erkenntnisse ausgetauscht werden, um zu zeigen, dass Ver\u00e4nderungen von jedem, \u00fcberall und mit der Vision einer Welt bewirkt werden k\u00f6nnen, in der junge Menschen gleichberechtigte Partner bei der Gestaltung von Ver\u00e4nderungen sind.Good Grants ist \u00e4u\u00dferst benutzerfreundlich und interaktiv.&#8220;Programmherausforderungen vor Good Grants Wir hatten Schwierigkeiten, Informationen offline zu halten&#8230;&#8220;Vor der Nutzung von Good Grants verwaltete QCT seine Stipendienprogramme manuell per E-Mail. \u201eWir hatten Schwierigkeiten, Informationen offline zu halten, zu archivieren und die administrativen Anforderungen zu erf\u00fcllen\u201c, sagte Victoria Napier, Grants and Business Support Executive bei QCT.Die Good Grants-WahlWir waren der Meinung, dass Good Grants ein gutes Preis-Leistungs-Verh\u00e4ltnis darstellt, und uns gefielen die Funktionalit\u00e4t, der Kundenservice rund um die Uhr und die Probezeit.&#8220;The Queen\u2019s Commonwealth Trust hat [&hellip;]<\/p>\n","protected":false},"author":2,"featured_media":16259579,"parent":16261864,"menu_order":0,"comment_status":"closed","ping_status":"closed","template":"","meta":{"_acf_changed":false,"_et_pb_use_builder":"on","_et_pb_old_content":"","_et_gb_content_width":"","footnotes":""},"dipi_cpt_category":[],"class_list":["post-16262124","page","type-page","status-publish","has-post-thumbnail","hentry"],"acf":[],"_links":{"self":[{"href":"https:\/\/goodgrants.com\/de\/wp-json\/wp\/v2\/pages\/16262124","targetHints":{"allow":["GET"]}}],"collection":[{"href":"https:\/\/goodgrants.com\/de\/wp-json\/wp\/v2\/pages"}],"about":[{"href":"https:\/\/goodgrants.com\/de\/wp-json\/wp\/v2\/types\/page"}],"author":[{"embeddable":true,"href":"https:\/\/goodgrants.com\/de\/wp-json\/wp\/v2\/users\/2"}],"replies":[{"embeddable":true,"href":"https:\/\/goodgrants.com\/de\/wp-json\/wp\/v2\/comments?post=16262124"}],"version-history":[{"count":4,"href":"https:\/\/goodgrants.com\/de\/wp-json\/wp\/v2\/pages\/16262124\/revisions"}],"predecessor-version":[{"id":16263995,"href":"https:\/\/goodgrants.com\/de\/wp-json\/wp\/v2\/pages\/16262124\/revisions\/16263995"}],"up":[{"embeddable":true,"href":"https:\/\/goodgrants.com\/de\/wp-json\/wp\/v2\/pages\/16261864"}],"wp:featuredmedia":[{"embeddable":true,"href":"https:\/\/goodgrants.com\/de\/wp-json\/wp\/v2\/media\/16259579"}],"wp:attachment":[{"href":"https:\/\/goodgrants.com\/de\/wp-json\/wp\/v2\/media?parent=16262124"}],"wp:term":[{"taxonomy":"dipi_cpt_category","embeddable":true,"href":"https:\/\/goodgrants.com\/de\/wp-json\/wp\/v2\/dipi_cpt_category?post=16262124"}],"curies":[{"name":"wp","href":"https:\/\/api.w.org\/{rel}","templated":true}]}}