{"id":16262108,"date":"2024-07-18T09:19:53","date_gmt":"2024-07-18T09:19:53","guid":{"rendered":"https:\/\/goodgrants.com\/funktionen\/verwalten\/sandbox-konto\/"},"modified":"2025-09-11T15:05:31","modified_gmt":"2025-09-11T15:05:31","slug":"sandbox-konto","status":"publish","type":"page","link":"https:\/\/goodgrants.com\/de\/funktionen\/verwalten\/sandbox-konto\/","title":{"rendered":"Sandbox-Konto"},"content":{"rendered":"<p>[et_pb_section fb_built=&#8220;1&#8243; _builder_version=&#8220;4.21.0&#8243; _module_preset=&#8220;default&#8220; background_color=&#8220;RGBA(255,255,255,0)&#8220; background_enable_image=&#8220;off&#8220; custom_padding=&#8220;2vw||||false|false&#8220; locked=&#8220;off&#8220; global_colors_info=&#8220;{}&#8220;][et_pb_row _builder_version=&#8220;4.21.0&#8243; _module_preset=&#8220;default&#8220; width=&#8220;100%&#8220; global_colors_info=&#8220;{}&#8220;][et_pb_column type=&#8220;4_4&#8243; _builder_version=&#8220;4.21.0&#8243; _module_preset=&#8220;default&#8220; global_colors_info=&#8220;{}&#8220;][dipi_breadcrumbs bc_custom_home=&#8220;on&#8220; bc_home_text=&#8220;Startseite&#8220; bc_home_url=&#8220;https:\/\/goodgrants.com\/de\/&#8220; bc_home_icon=&#8220;off&#8220; bc_separator_icon=&#8220;&#xf105;||fa||900&#8243; bc_separator_size=&#8220;18px&#8220; bc_separator_color=&#8220;#000000&#8243; bc_item_bg_color=&#8220;RGBA(255,255,255,0)&#8220; bc_active_item_color=&#8220;RGBA(255,255,255,0)&#8220; bc_active_item_padding=&#8220;||||false|false&#8220; _builder_version=&#8220;4.21.0&#8243; _module_preset=&#8220;default&#8220; items_font=&#8220;Montserrat|600|||||||&#8220; items_text_color=&#8220;#000000&#8243; items_font_size=&#8220;18px&#8220; hover_font=&#8220;||||on||||&#8220; active_font=&#8220;|700|||on|||#5A37D4|&#8220; active_text_color=&#8220;#5A37D4&#8243; custom_margin=&#8220;||-5px|-7px|false|false&#8220; custom_padding=&#8220;|||0px|false|false&#8220; global_colors_info=&#8220;{}&#8220;][\/dipi_breadcrumbs][et_pb_text _builder_version=&#8220;4.27.0&#8243; _module_preset=&#8220;6d05dc1c-aec9-494b-b3fb-6707f824de75&#8243; header_font=&#8220;|600|||||||&#8220; header_text_color=&#8220;#FFFFFF&#8220; header_line_height=&#8220;1.2em&#8220; custom_margin=&#8220;||10px||false|false&#8220; custom_padding=&#8220;||||false|false&#8220; locked=&#8220;off&#8220; global_colors_info=&#8220;{}&#8220;]<\/p>\n<h1 style=\"text-align: left; line-height: 1.2em;\"><span style=\"color: #000000;\">Good Grants Sandbox <\/span><\/h1>\n<p>[\/et_pb_text][et_pb_text _builder_version=&#8220;4.27.0&#8243; _module_preset=&#8220;444c0fc8-2567-4cd3-acac-e01ddb3abea5&#8243; text_font=&#8220;Montserrat|500|||||||&#8220; text_text_color=&#8220;#FFFFFF&#8220; text_font_size=&#8220;21px&#8220; text_line_height=&#8220;1.6em&#8220; ul_font=&#8220;||||||||&#8220; header_font=&#8220;Roboto|700|||||||&#8220; header_text_align=&#8220;center&#8220; header_font_size=&#8220;80px&#8220; header_line_height=&#8220;1.2em&#8220; header_3_font=&#8220;Roboto|700||on|||||&#8220; header_3_text_align=&#8220;center&#8220; header_3_text_color=&#8220;#ffffff&#8220; header_3_font_size=&#8220;24px&#8220; header_3_letter_spacing=&#8220;10px&#8220; header_3_line_height=&#8220;2em&#8220; header_4_font=&#8220;Montserrat|500|||||||&#8220; header_4_text_color=&#8220;#000000&#8243; header_4_line_height=&#8220;1.7em&#8220; header_5_font=&#8220;Poppins||||||||&#8220; header_5_text_color=&#8220;#000000&#8243; header_5_line_height=&#8220;1.8em&#8220; text_orientation=&#8220;center&#8220; background_layout=&#8220;dark&#8220; width=&#8220;80%&#8220; module_alignment=&#8220;left&#8220; custom_margin=&#8220;||||false|false&#8220; custom_padding=&#8220;||10px||false|false&#8220; text_font_size_last_edited=&#8220;off|desktop&#8220; header_font_size_tablet=&#8220;40px&#8220; header_font_size_phone=&#8220;32px&#8220; header_font_size_last_edited=&#8220;on|phone&#8220; header_3_font_size_tablet=&#8220;16px&#8220; header_3_font_size_phone=&#8220;14px&#8220; header_3_font_size_last_edited=&#8220;on|phone&#8220; header_3_letter_spacing_tablet=&#8220;5px&#8220; header_3_letter_spacing_phone=&#8220;&#8220; header_3_letter_spacing_last_edited=&#8220;on|tablet&#8220; locked=&#8220;off&#8220; global_colors_info=&#8220;{}&#8220;]<\/p>\n<p style=\"text-align: left;\"><span style=\"color: #000000;\">Nutzen Sie ein Sandbox-Konto, um sowohl alte als auch neue Funktionen sicher zu testen, bevor Sie sie auf Ihr prim\u00e4res Konto anzuwenden. <\/span><\/p>\n<p>[\/et_pb_text][dipi_button_grid flex_direction=&#8220;row&#8220; flex_wrap=&#8220;off&#8220; justify_content=&#8220;flex-start&#8220; align_items=&#8220;flex-start&#8220; _builder_version=&#8220;4.25.2&#8243; _module_preset=&#8220;default&#8220; text_style_font=&#8220;Montserrat|700|||||||&#8220; text_style_text_align=&#8220;center&#8220; text_style_letter_spacing=&#8220;1px&#8220; background_color=&#8220;RGBA(255,255,255,0)&#8220; width_tablet=&#8220;&#8220; width_phone=&#8220;&#8220; width_last_edited=&#8220;on|desktop&#8220; module_alignment=&#8220;left&#8220; custom_margin=&#8220;|||-25px|false|false&#8220; custom_padding=&#8220;10px|25px|10px|25px|false|false&#8220; hover_transition_duration=&#8220;0ms&#8220; hover_transition_speed_curve=&#8220;ease-in-out&#8220; link_option_url_new_window=&#8220;on&#8220; locked=&#8220;off&#8220; global_colors_info=&#8220;{}&#8220; custom_margin__hover_enabled=&#8220;on|hover&#8220; custom_margin__hover=&#8220;||||false|false&#8220; transform_styles__hover_enabled=&#8220;on|hover&#8220; transform_scale__hover_enabled=&#8220;on|hover&#8220; transform_translate__hover_enabled=&#8220;on|desktop&#8220; transform_rotate__hover_enabled=&#8220;on|desktop&#8220; transform_skew__hover_enabled=&#8220;on|desktop&#8220; transform_origin__hover_enabled=&#8220;on|desktop&#8220; background__hover_enabled=&#8220;on|hover&#8220;][dipi_button_grid_child button_id=&#8220;Primary&#8220; button_text=&#8220;14-t\u00e4gige kostenlose Testversion&#8220; button_link=&#8220;https:\/\/goodgrants.com\/de\/testversion\/&#8220; button_link_target=&#8220;off&#8220; _builder_version=&#8220;4.25.2&#8243; _module_preset=&#8220;625bfc23-24b4-41f2-b0b3-1c510af0c760&#8243; text_style_font=&#8220;Montserrat|700||on|||||&#8220; text_style_text_align=&#8220;center&#8220; text_style_letter_spacing=&#8220;1px&#8220; custom_button=&#8220;on&#8220; button_text_size=&#8220;16px&#8220; button_text_color=&#8220;#FFFFFF&#8220; button_bg_color=&#8220;#5A37D4&#8243; button_border_width=&#8220;3px&#8220; button_border_color=&#8220;#5A37D4&#8243; button_border_radius=&#8220;3px&#8220; button_letter_spacing=&#8220;1px&#8220; button_font=&#8220;Montserrat|700||on|||||&#8220; button_use_icon=&#8220;off&#8220; button_custom_padding=&#8220;10px|25px|10px|25px|false|false&#8220; custom_margin=&#8220;|||0px|false|false&#8220; custom_padding=&#8220;||||false|false&#8220; hover_transition_duration=&#8220;0ms&#8220; border_color_all=&#8220;#7CDA24&#8243; global_colors_info=&#8220;{}&#8220; transform_styles__hover_enabled=&#8220;on|hover&#8220; transform_scale__hover_enabled=&#8220;on|hover&#8220; min_height__hover_enabled=&#8220;on|hover&#8220; button_bg_color__hover_enabled=&#8220;on|hover&#8220; button_bg_color__hover=&#8220;#000000&#8243; button_bg_enable_color__hover=&#8220;on&#8220; button_text_size__hover_enabled=&#8220;on|hover&#8220; button_border_width__hover_enabled=&#8220;on|hover&#8220; button_border_color__hover_enabled=&#8220;on|desktop&#8220; button_border_width__hover=&#8220;3px&#8220; button_border_radius__hover_enabled=&#8220;on|hover&#8220; button_border_color__hover=&#8220;#000000&#8243; button_border_radius__hover=&#8220;3px&#8220; custom_margin__hover=&#8220;|||0px|false|false&#8220; button_text_color__hover=&#8220;#FFFFFF&#8220; button_text_color__hover_enabled=&#8220;on|hover&#8220; button_letter_spacing__hover=&#8220;1px&#8220; button_letter_spacing__hover_enabled=&#8220;on|hover&#8220; button_text_size__hover=&#8220;16px&#8220; button_custom_margin__hover_enabled=&#8220;on|desktop&#8220; background__hover_enabled=&#8220;on|hover&#8220;][\/dipi_button_grid_child][dipi_button_grid_child button_id=&#8220;Secondary&#8220; button_text=&#8220;Demo anfordern&#8220; button_link=&#8220;https:\/\/goodgrants.com\/de\/kontaktanfrage\/&#8220; button_link_target=&#8220;off&#8220; _builder_version=&#8220;4.25.2&#8243; _module_preset=&#8220;625bfc23-24b4-41f2-b0b3-1c510af0c760&#8243; text_style_font=&#8220;Montserrat|700||on|||||&#8220; text_style_text_align=&#8220;center&#8220; text_style_letter_spacing=&#8220;1px&#8220; custom_button=&#8220;on&#8220; button_text_size=&#8220;16px&#8220; button_text_color=&#8220;#000000&#8243; button_bg_color=&#8220;RGBA(255,255,255,0)&#8220; button_border_width=&#8220;3px&#8220; button_border_color=&#8220;#000000&#8243; button_border_radius=&#8220;3px&#8220; button_letter_spacing=&#8220;1px&#8220; button_font=&#8220;Montserrat|700||on|||||&#8220; button_use_icon=&#8220;off&#8220; button_custom_padding=&#8220;10px|25px|10px|25px|false|false&#8220; custom_margin=&#8220;|||15px|false|false&#8220; custom_padding=&#8220;||||false|false&#8220; global_colors_info=&#8220;{}&#8220; button_text_size__hover=&#8220;16px&#8220; button_text_size__hover_enabled=&#8220;on|desktop&#8220; button_text_color__hover=&#8220;#FFFFFF&#8220; button_text_color__hover_enabled=&#8220;on|desktop&#8220; button_bg_color__hover=&#8220;#000000&#8243; button_bg_color__hover_enabled=&#8220;on|desktop&#8220; button_border_color__hover=&#8220;#000000&#8243; button_border_color__hover_enabled=&#8220;on|hover&#8220; button_letter_spacing__hover=&#8220;1px&#8220; button_letter_spacing__hover_enabled=&#8220;on|hover&#8220; button_bg_enable_color__hover=&#8220;on&#8220; button_custom_margin__hover_enabled=&#8220;on|hover&#8220; button_border_width__hover_enabled=&#8220;on|hover&#8220; button_border_width__hover=&#8220;3px&#8220; custom_margin__hover=&#8220;|||15px|false|false&#8220;][\/dipi_button_grid_child][\/dipi_button_grid][\/et_pb_column][\/et_pb_row][\/et_pb_section][et_pb_section fb_built=&#8220;1&#8243; _builder_version=&#8220;4.21.0&#8243; _module_preset=&#8220;default&#8220; custom_padding=&#8220;1vw||||false|false&#8220; locked=&#8220;off&#8220; global_colors_info=&#8220;{}&#8220;][et_pb_row _builder_version=&#8220;4.19.4&#8243; _module_preset=&#8220;default&#8220; locked=&#8220;off&#8220; global_colors_info=&#8220;{}&#8220;][et_pb_column type=&#8220;4_4&#8243; _builder_version=&#8220;4.19.4&#8243; _module_preset=&#8220;default&#8220; global_colors_info=&#8220;{}&#8220;][et_pb_text _builder_version=&#8220;4.27.0&#8243; _module_preset=&#8220;444c0fc8-2567-4cd3-acac-e01ddb3abea5&#8243; header_font=&#8220;|600|||||||&#8220; header_text_align=&#8220;center&#8220; header_text_color=&#8220;#000000&#8243; header_line_height=&#8220;1.2em&#8220; header_2_font=&#8220;Montserrat|500|||||||&#8220; custom_margin=&#8220;||||false|false&#8220; custom_padding=&#8220;||||false|false&#8220; locked=&#8220;off&#8220; global_colors_info=&#8220;{}&#8220;]<\/p>\n<h2 style=\"text-align: center; font-weight: 600;\">Sicher testen<\/h2>\n<p>[\/et_pb_text][et_pb_text _builder_version=&#8220;4.27.0&#8243; _module_preset=&#8220;444c0fc8-2567-4cd3-acac-e01ddb3abea5&#8243; text_font=&#8220;Montserrat|500|||||||&#8220; text_text_color=&#8220;#FFFFFF&#8220; text_font_size=&#8220;21px&#8220; text_line_height=&#8220;1.6em&#8220; ul_font=&#8220;||||||||&#8220; header_font=&#8220;Roboto|700|||||||&#8220; header_text_align=&#8220;center&#8220; header_font_size=&#8220;80px&#8220; header_line_height=&#8220;1.2em&#8220; header_3_font=&#8220;Roboto|700||on|||||&#8220; header_3_text_align=&#8220;center&#8220; header_3_text_color=&#8220;#ffffff&#8220; header_3_font_size=&#8220;24px&#8220; header_3_letter_spacing=&#8220;10px&#8220; header_3_line_height=&#8220;2em&#8220; header_4_font=&#8220;Montserrat|500|||||||&#8220; header_4_text_color=&#8220;#000000&#8243; header_4_line_height=&#8220;1.7em&#8220; header_5_font=&#8220;Poppins||||||||&#8220; header_5_text_color=&#8220;#000000&#8243; header_5_line_height=&#8220;1.8em&#8220; text_orientation=&#8220;center&#8220; background_layout=&#8220;dark&#8220; module_alignment=&#8220;center&#8220; custom_margin=&#8220;||||false|false&#8220; custom_padding=&#8220;||10px||false|false&#8220; text_font_size_last_edited=&#8220;off|desktop&#8220; header_font_size_tablet=&#8220;40px&#8220; header_font_size_phone=&#8220;32px&#8220; header_font_size_last_edited=&#8220;on|phone&#8220; header_3_font_size_tablet=&#8220;16px&#8220; header_3_font_size_phone=&#8220;14px&#8220; header_3_font_size_last_edited=&#8220;on|phone&#8220; header_3_letter_spacing_tablet=&#8220;5px&#8220; header_3_letter_spacing_phone=&#8220;&#8220; header_3_letter_spacing_last_edited=&#8220;on|tablet&#8220; global_colors_info=&#8220;{}&#8220;]<\/p>\n<p><span style=\"color: #000000;\">Die Good Grants Sandbox ist sicher und von Ihrem prim\u00e4ren Konto isoliert. Sie erm\u00f6glicht es Ihnen, eine breite Palette von Funktionen zu testen, einschlie\u00dflich unserer API, \u00dcberpr\u00fcfungsmodi, des Antragsflusses und sogar Finanzierungswerkzeuge, ohne Ihr prim\u00e4res Konto zu beeintr\u00e4chtigen. <\/span><\/p>\n<p>[\/et_pb_text][\/et_pb_column][\/et_pb_row][et_pb_row column_structure=&#8220;2_5,3_5&#8243; _builder_version=&#8220;4.21.0&#8243; _module_preset=&#8220;default&#8220; global_colors_info=&#8220;{}&#8220;][et_pb_column type=&#8220;2_5&#8243; _builder_version=&#8220;4.21.0&#8243; _module_preset=&#8220;default&#8220; global_colors_info=&#8220;{}&#8220;][et_pb_text _builder_version=&#8220;4.27.4&#8243; _module_preset=&#8220;default&#8220; global_colors_info=&#8220;{}&#8220;]<\/p>\n<p><img decoding=\"async\" data-src=\"https:\/\/goodgrants.com\/wp-content\/uploads\/2024\/11\/This-feature-available-on-Enterprise-plans-only.svg\" width=\"300\" height=\"300\" alt=\"Diese Funktion ist nur in Enterprise-Pl\u00e4nen verf\u00fcgbar\" class=\"wp-image-16257886 alignnone size-medium lazyload\" src=\"data:image\/svg+xml;base64,PHN2ZyB3aWR0aD0iMSIgaGVpZ2h0PSIxIiB4bWxucz0iaHR0cDovL3d3dy53My5vcmcvMjAwMC9zdmciPjwvc3ZnPg==\" style=\"--smush-placeholder-width: 300px; --smush-placeholder-aspect-ratio: 300\/300;\"><\/p>\n<p>Die sichere, separate Umgebung von Good Grants erm\u00f6glicht Ihnen umfangreiche Tests und die API-Integration, ohne die Produktionsdaten zu beeintr\u00e4chtigen. Beinhaltet alle Add-ons, die in Ihrem prim\u00e4ren Konto vorhanden sind. <\/p>\n<p>Es gelten einige Einschr\u00e4nkungen:<\/p>\n<ul class=\"ticks\">\n<li><span><\/span>Broadcasts k\u00f6nnen erstellt und gespeichert, aber nicht gesendet werden<\/li>\n<li><span><\/span>Datei-Uploads sind auf jeweils 50 MB begrenzt<\/li>\n<li><span><\/span>Maximal 20 Benutzer pro Sandbox-Konto<\/li>\n<\/ul>\n<p>&nbsp;<\/p>\n<p>[\/et_pb_text][\/et_pb_column][et_pb_column type=&#8220;3_5&#8243; _builder_version=&#8220;4.21.0&#8243; _module_preset=&#8220;default&#8220; global_colors_info=&#8220;{}&#8220;][et_pb_image src=&#8220;https:\/\/goodgrants.com\/wp-content\/uploads\/2024\/07\/Sandboxacc.png&#8220; alt=&#8220;Good Grants-Oberfl\u00e4che, die die webhooks-Einrichtung und die Sandbox-Konto-Domain zeigt&#8220; title_text=&#8220;Link zur Sandbox-Konto-Domain&#8220; _builder_version=&#8220;4.26.1&#8243; _module_preset=&#8220;default&#8220; module_alignment=&#8220;center&#8220; global_colors_info=&#8220;{}&#8220;][\/et_pb_image][\/et_pb_column][\/et_pb_row][\/et_pb_section][et_pb_section fb_built=&#8220;1&#8243; _builder_version=&#8220;4.21.0&#8243; _module_preset=&#8220;default&#8220; custom_padding=&#8220;||||false|false&#8220; locked=&#8220;off&#8220; global_colors_info=&#8220;{}&#8220;][et_pb_row _builder_version=&#8220;4.21.0&#8243; _module_preset=&#8220;default&#8220; global_colors_info=&#8220;{}&#8220;][et_pb_column type=&#8220;4_4&#8243; _builder_version=&#8220;4.21.0&#8243; _module_preset=&#8220;default&#8220; global_colors_info=&#8220;{}&#8220;][et_pb_text _builder_version=&#8220;4.21.0&#8243; _module_preset=&#8220;444c0fc8-2567-4cd3-acac-e01ddb3abea5&#8243; header_font=&#8220;|600|||||||&#8220; header_text_align=&#8220;center&#8220; header_text_color=&#8220;#000000&#8243; header_line_height=&#8220;1.2em&#8220; header_2_font=&#8220;Montserrat|500|||||||&#8220; custom_margin=&#8220;||||false|false&#8220; custom_padding=&#8220;||||false|false&#8220; locked=&#8220;off&#8220; global_colors_info=&#8220;{}&#8220;]<\/p>\n<h2 style=\"text-align: center; font-weight: 600;\">Andere Funktionen, die Ihnen gefallen k\u00f6nnten<\/h2>\n<p>[\/et_pb_text][\/et_pb_column][\/et_pb_row][et_pb_row column_structure=&#8220;1_3,1_3,1_3&#8243; use_custom_gutter=&#8220;on&#8220; make_equal=&#8220;on&#8220; _builder_version=&#8220;4.21.0&#8243; _module_preset=&#8220;default&#8220; custom_margin=&#8220;||||false|false&#8220; custom_padding=&#8220;||||false|false&#8220; locked=&#8220;off&#8220; global_colors_info=&#8220;{}&#8220;][et_pb_column type=&#8220;1_3&#8243; _builder_version=&#8220;4.19.2&#8243; _module_preset=&#8220;default&#8220; global_colors_info=&#8220;{}&#8220;][et_pb_text _builder_version=&#8220;4.27.4&#8243; _module_preset=&#8220;default&#8220; text_font=&#8220;Open Sans||||||||&#8220; text_line_height=&#8220;1.4em&#8220; header_4_font=&#8220;Montserrat|600|||||||&#8220; header_4_line_height=&#8220;1.5em&#8220; custom_margin=&#8220;||0px||false|false&#8220; hover_enabled=&#8220;0&#8243; locked=&#8220;off&#8220; global_colors_info=&#8220;{}&#8220; sticky_enabled=&#8220;0&#8243;]<\/p>\n<h3 class=\"h4\">Benutzerdefinierte Single Sign-On (SSO)-Unterst\u00fctzung<\/h3>\n<p>[\/et_pb_text][et_pb_image src=&#8220;https:\/\/goodgrants.com\/wp-content\/uploads\/2024\/11\/This-feature-available-on-Enterprise-plans-only.svg&#8220; alt=&#8220;Diese Funktion ist nur in Enterprise-Pl\u00e4nen verf\u00fcgbar&#8220; title_text=&#8220;Diese Funktion ist nur in Enterprise-Pl\u00e4nen verf\u00fcgbar&#8220; _builder_version=&#8220;4.27.4&#8243; _module_preset=&#8220;default&#8220; width=&#8220;90%&#8220; hover_enabled=&#8220;0&#8243; global_colors_info=&#8220;{}&#8220; sticky_enabled=&#8220;0&#8243;][\/et_pb_image][et_pb_text _builder_version=&#8220;4.26.1&#8243; _module_preset=&#8220;default&#8220; text_font=&#8220;Open Sans||||||||&#8220; text_line_height=&#8220;1.4em&#8220; header_4_font=&#8220;Montserrat|600|||||||&#8220; locked=&#8220;off&#8220; global_colors_info=&#8220;{}&#8220;]<\/p>\n<p>Gerne unterst\u00fctzen wir bei Bedarf eine benutzerdefinierte SSO-Methode. Nehmen Sie Kontakt auf, um dies zu besprechen. <\/p>\n<p>[\/et_pb_text][\/et_pb_column][et_pb_column type=&#8220;1_3&#8243; _builder_version=&#8220;4.19.2&#8243; _module_preset=&#8220;default&#8220; global_colors_info=&#8220;{}&#8220;][et_pb_text _builder_version=&#8220;4.25.2&#8243; _module_preset=&#8220;default&#8220; text_font=&#8220;Open Sans||||||||&#8220; text_line_height=&#8220;1.4em&#8220; header_4_font=&#8220;Montserrat|600|||||||&#8220; header_4_line_height=&#8220;1.5em&#8220; max_height=&#8220;86px&#8220; custom_margin=&#8220;||0px||false|false&#8220; custom_padding=&#8220;||||false|false&#8220; locked=&#8220;off&#8220; global_colors_info=&#8220;{}&#8220;]<\/p>\n<h3 class=\"h4\">Integrations-API<\/h3>\n<p>[\/et_pb_text][et_pb_image src=&#8220;https:\/\/goodgrants.com\/wp-content\/uploads\/2024\/11\/Feature-avaiable-on-Premium-and-Enterprise-plans-1.svg&#8220; alt=&#8220;Diese Funktion ist nur in Enterprise- und Premium-Pl\u00e4nen verf\u00fcgbar.&#8220; title_text=&#8220;Verf\u00fcgbar in Premium- und Enterprise-Pl\u00e4nen&#8220; _builder_version=&#8220;4.21.0&#8243; _module_preset=&#8220;default&#8220; width=&#8220;90%&#8220; global_colors_info=&#8220;{}&#8220;][\/et_pb_image][et_pb_text _builder_version=&#8220;4.25.2&#8243; _module_preset=&#8220;default&#8220; text_font=&#8220;Open Sans||||||||&#8220; text_line_height=&#8220;1.4em&#8220; header_4_font=&#8220;Montserrat|600|||||||&#8220; locked=&#8220;off&#8220; global_colors_info=&#8220;{}&#8220;]<\/p>\n<p>Erstellen Sie benutzerdefinierte Integrationen mit Ihren anderen Gesch\u00e4ftssystemen \u00fcber die Good Grants API.<\/p>\n<p>[\/et_pb_text][\/et_pb_column][et_pb_column type=&#8220;1_3&#8243; _builder_version=&#8220;4.19.2&#8243; _module_preset=&#8220;default&#8220; global_colors_info=&#8220;{}&#8220;][et_pb_text _builder_version=&#8220;4.27.4&#8243; _module_preset=&#8220;default&#8220; text_font=&#8220;Open Sans||||||||&#8220; text_line_height=&#8220;1.4em&#8220; header_4_font=&#8220;Montserrat|600|||||||&#8220; header_4_line_height=&#8220;1.5em&#8220; custom_margin=&#8220;||0px||false|false&#8220; hover_enabled=&#8220;0&#8243; locked=&#8220;off&#8220; global_colors_info=&#8220;{}&#8220; sticky_enabled=&#8220;0&#8243;]<\/p>\n<h3 class=\"h4\">Zus\u00e4tzlicher Verschl\u00fcsselungsschutz f\u00fcr sensible Daten<\/h3>\n<p>[\/et_pb_text][et_pb_image src=&#8220;https:\/\/goodgrants.com\/wp-content\/uploads\/2024\/11\/Feature-avaiable-on-all-plans-1.svg&#8220; alt=&#8220;Diese Funktion ist in allen Pl\u00e4nen verf\u00fcgbar.&#8220; title_text=&#8220;Diese Funktion ist in allen Pl\u00e4nen verf\u00fcgbar&#8220; _builder_version=&#8220;4.26.1&#8243; _module_preset=&#8220;default&#8220; width=&#8220;90%&#8220; global_colors_info=&#8220;{}&#8220;][\/et_pb_image][et_pb_text _builder_version=&#8220;4.26.1&#8243; _module_preset=&#8220;default&#8220; text_font=&#8220;Open Sans||||||||&#8220; text_line_height=&#8220;1.4em&#8220; header_4_font=&#8220;Montserrat|600|||||||&#8220; locked=&#8220;off&#8220; global_colors_info=&#8220;{}&#8220;]<\/p>\n<p>Konfigurieren Sie optional h\u00f6here Datenschutzstufen f\u00fcr pers\u00f6nlich identifizierbare und sensible Daten.<\/p>\n<p>[\/et_pb_text][\/et_pb_column][\/et_pb_row][et_pb_row _builder_version=&#8220;4.21.0&#8243; _module_preset=&#8220;default&#8220; global_colors_info=&#8220;{}&#8220;][et_pb_column type=&#8220;4_4&#8243; _builder_version=&#8220;4.21.0&#8243; _module_preset=&#8220;default&#8220; global_colors_info=&#8220;{}&#8220;][et_pb_button button_url=&#8220;https:\/\/goodgrants.com\/de\/funktionen\/&#8220; button_text=&#8220;Zur\u00fcck zu allen Funktionen&#8220; button_alignment=&#8220;left&#8220; _builder_version=&#8220;4.21.0&#8243; _module_preset=&#8220;default&#8220; custom_button=&#8220;on&#8220; button_text_size=&#8220;18px&#8220; button_text_color=&#8220;#000000&#8243; button_bg_color=&#8220;RGBA(255,255,255,0)&#8220; button_border_color=&#8220;RGBA(255,255,255,0)&#8220; button_border_radius=&#8220;0px&#8220; button_font=&#8220;Montserrat||||on||||&#8220; button_icon=&#8220;&#xe03b;||divi||400&#8243; button_icon_color=&#8220;#00D08E&#8220; button_icon_placement=&#8220;left&#8220; background_layout=&#8220;dark&#8220; custom_margin=&#8220;||||false|false&#8220; custom_padding=&#8220;|||20px|false|false&#8220; locked=&#8220;off&#8220; global_colors_info=&#8220;{}&#8220; button_icon_color__hover_enabled=&#8220;on|hover&#8220; button_icon_color__hover=&#8220;#5A37D4&#8243;][\/et_pb_button][\/et_pb_column][\/et_pb_row][\/et_pb_section]<\/p>\n","protected":false},"excerpt":{"rendered":"<p><div class=\"et_pb_module dipi_breadcrumbs dipi_breadcrumbs_0\">\n\t\t\t\t\n\t\t\t\t\n\t\t\t\t\n\t\t\t\t\n\t\t\t\t\n\t\t\t\t\n\t\t\t\t<div class=\"et_pb_module_inner\">\n\t\t\t\t\t<div class=\"dipi-breadcrumbs dipi-bc-left\">\n                <ul >\n                    \n                                                        <li  class=\"dipi-breadcrumb-item dipi-breadcrumb-home\">\n\n                        \n                            <a  href=\"https:\/\/goodgrants.com\/de\/\">\n                                <span  content=\"Home\">\n                                                                        Startseite                                <\/span>\n                            <\/a>\n\n                                                <meta itemprop=\"position\" content=\"1\"\/>                    <\/li>\n\n                    <li class=\"dipi-breadcrumb-separator\">\n                    <span class=\"et-pb-icon dipi-separator-icon\">&#xf105;<\/span>\n                <\/li>                            \n                <\/ul>\n            <\/div>\n\t\t\t\t<\/div>\n\t\t\t<\/div>Good Grants Sandbox Nutzen Sie ein Sandbox-Konto, um sowohl alte als auch neue Funktionen sicher zu testen, bevor Sie sie auf Ihr prim\u00e4res Konto anzuwenden. <div class=\"et_pb_module dipi_button_grid dipi_button_grid_0 et_pb_section_video_on_hover\">\n\t\t\t\t\n\t\t\t\t\n\t\t\t\t\n\t\t\t\t\n\t\t\t\t\n\t\t\t\t\n\t\t\t\t<div class=\"et_pb_module_inner\">\n\t\t\t\t\t<div class=\"dipi-button-grid-container\">\n                <div class=\"et_pb_with_border et_pb_module dipi_button_grid_child dipi_button_grid_child_0 et_pb_section_video_on_hover\">\n\t\t\t\t\n\t\t\t\t\n\t\t\t\t\n\t\t\t\t\n\t\t\t\t\n\t\t\t\t\n\t\t\t\t<div class=\"et_pb_module_inner\">\n\t\t\t\t\t<a class=\"et_pb_button dipi-button-grid dipi-button-wrap\" href=\"https:\/\/goodgrants.com\/de\/testversion\/\">14-t\u00e4gige kostenlose Testversion<\/a>\n\t\t\t\t<\/div>\n\t\t\t<\/div><div class=\"et_pb_module dipi_button_grid_child dipi_button_grid_child_1\">\n\t\t\t\t\n\t\t\t\t\n\t\t\t\t\n\t\t\t\t\n\t\t\t\t\n\t\t\t\t\n\t\t\t\t<div class=\"et_pb_module_inner\">\n\t\t\t\t\t<a class=\"et_pb_button dipi-button-grid dipi-button-wrap\" href=\"https:\/\/goodgrants.com\/de\/kontaktanfrage\/\">Demo anfordern<\/a>\n\t\t\t\t<\/div>\n\t\t\t<\/div>\n            <\/div>\n\t\t\t\t<\/div>\n\t\t\t<\/div>Sicher testenDie Good Grants Sandbox ist sicher und von Ihrem prim\u00e4ren Konto isoliert. Sie erm\u00f6glicht es Ihnen, eine breite Palette von Funktionen zu testen, einschlie\u00dflich unserer API, \u00dcberpr\u00fcfungsmodi, des Antragsflusses und sogar Finanzierungswerkzeuge, ohne Ihr prim\u00e4res Konto [&hellip;]<\/p>\n","protected":false},"author":11,"featured_media":16261293,"parent":16261705,"menu_order":0,"comment_status":"closed","ping_status":"closed","template":"","meta":{"_acf_changed":false,"_et_pb_use_builder":"on","_et_pb_old_content":"","_et_gb_content_width":"","footnotes":""},"dipi_cpt_category":[],"class_list":["post-16262108","page","type-page","status-publish","has-post-thumbnail","hentry"],"acf":[],"_links":{"self":[{"href":"https:\/\/goodgrants.com\/de\/wp-json\/wp\/v2\/pages\/16262108","targetHints":{"allow":["GET"]}}],"collection":[{"href":"https:\/\/goodgrants.com\/de\/wp-json\/wp\/v2\/pages"}],"about":[{"href":"https:\/\/goodgrants.com\/de\/wp-json\/wp\/v2\/types\/page"}],"author":[{"embeddable":true,"href":"https:\/\/goodgrants.com\/de\/wp-json\/wp\/v2\/users\/11"}],"replies":[{"embeddable":true,"href":"https:\/\/goodgrants.com\/de\/wp-json\/wp\/v2\/comments?post=16262108"}],"version-history":[{"count":2,"href":"https:\/\/goodgrants.com\/de\/wp-json\/wp\/v2\/pages\/16262108\/revisions"}],"predecessor-version":[{"id":16262117,"href":"https:\/\/goodgrants.com\/de\/wp-json\/wp\/v2\/pages\/16262108\/revisions\/16262117"}],"up":[{"embeddable":true,"href":"https:\/\/goodgrants.com\/de\/wp-json\/wp\/v2\/pages\/16261705"}],"wp:featuredmedia":[{"embeddable":true,"href":"https:\/\/goodgrants.com\/de\/wp-json\/wp\/v2\/media\/16261293"}],"wp:attachment":[{"href":"https:\/\/goodgrants.com\/de\/wp-json\/wp\/v2\/media?parent=16262108"}],"wp:term":[{"taxonomy":"dipi_cpt_category","embeddable":true,"href":"https:\/\/goodgrants.com\/de\/wp-json\/wp\/v2\/dipi_cpt_category?post=16262108"}],"curies":[{"name":"wp","href":"https:\/\/api.w.org\/{rel}","templated":true}]}}